{"id":9360,"date":"2024-01-29T17:48:38","date_gmt":"2024-01-29T17:48:38","guid":{"rendered":"https:\/\/dev.apollotec.pt\/jpcredito\/?page_id=9360"},"modified":"2024-01-30T10:21:38","modified_gmt":"2024-01-30T10:21:38","slug":"euribor","status":"publish","type":"page","link":"https:\/\/dev.apollotec.pt\/jpcredito\/euribor\/","title":{"rendered":"Euribor"},"content":{"rendered":"\t\t<div data-elementor-type=\"wp-page\" data-elementor-id=\"9360\" class=\"elementor elementor-9360\" data-elementor-post-type=\"page\">\n\t\t\t\t\t\t\t<div class=\"elementor-element elementor-element-0d46d0b e-flex e-con-boxed wpr-particle-no wpr-jarallax-no wpr-parallax-no wpr-sticky-section-no e-con e-parent\" data-id=\"0d46d0b\" data-element_type=\"container\" data-settings=\"{&quot;content_width&quot;:&quot;boxed&quot;,&quot;_ha_eqh_enable&quot;:false}\" data-core-v316-plus=\"true\">\n\t\t\t\t\t<div class=\"e-con-inner\">\n\t\t\t\t<div class=\"elementor-element elementor-element-5cd9a81 elementor-widget-mobile__width-inherit elementor-widget elementor-widget-heading\" data-id=\"5cd9a81\" data-element_type=\"widget\" data-widget_type=\"heading.default\">\n\t\t\t\t<div class=\"elementor-widget-container\">\n\t\t\t<style>\/*! elementor - v3.18.0 - 20-12-2023 *\/\n.elementor-heading-title{padding:0;margin:0;line-height:1}.elementor-widget-heading .elementor-heading-title[class*=elementor-size-]>a{color:inherit;font-size:inherit;line-height:inherit}.elementor-widget-heading .elementor-heading-title.elementor-size-small{font-size:15px}.elementor-widget-heading .elementor-heading-title.elementor-size-medium{font-size:19px}.elementor-widget-heading .elementor-heading-title.elementor-size-large{font-size:29px}.elementor-widget-heading .elementor-heading-title.elementor-size-xl{font-size:39px}.elementor-widget-heading .elementor-heading-title.elementor-size-xxl{font-size:59px}<\/style><h2 class=\"elementor-heading-title elementor-size-default\">Conhe\u00e7a as Taxas de Euribor<\/h2>\t\t<\/div>\n\t\t\t\t<\/div>\n\t\t\t\t\t<\/div>\n\t\t\t\t<\/div>\n\t\t<div class=\"elementor-element elementor-element-2e0aca8 e-flex e-con-boxed wpr-particle-no wpr-jarallax-no wpr-parallax-no wpr-sticky-section-no e-con e-parent\" data-id=\"2e0aca8\" data-element_type=\"container\" data-settings=\"{&quot;_ha_eqh_enable&quot;:&quot;yes&quot;,&quot;_ha_eqh_widget&quot;:[&quot;icon-box&quot;,&quot;button&quot;],&quot;_ha_eqh_disable_on_tablet&quot;:&quot;yes&quot;,&quot;content_width&quot;:&quot;boxed&quot;,&quot;_ha_eqh_to&quot;:&quot;widget&quot;,&quot;_ha_eqh_disable_on_mobile&quot;:&quot;yes&quot;}\" data-core-v316-plus=\"true\">\n\t\t\t\t\t<div class=\"e-con-inner\">\n\t\t<div class=\"elementor-element elementor-element-d1ef84d e-con-full e-flex wpr-particle-no wpr-jarallax-no wpr-parallax-no wpr-sticky-section-no e-con e-child\" data-id=\"d1ef84d\" data-element_type=\"container\" data-settings=\"{&quot;content_width&quot;:&quot;full&quot;,&quot;background_background&quot;:&quot;classic&quot;,&quot;_ha_eqh_enable&quot;:false}\">\n\t\t\t\t<div class=\"elementor-element elementor-element-d27df5a elementor-view-default elementor-position-top elementor-mobile-position-top elementor-widget elementor-widget-icon-box\" data-id=\"d27df5a\" data-element_type=\"widget\" data-widget_type=\"icon-box.default\">\n\t\t\t\t<div class=\"elementor-widget-container\">\n\t\t\t<link rel=\"stylesheet\" href=\"https:\/\/dev.apollotec.pt\/jpcredito\/wp-content\/plugins\/elementor\/assets\/css\/widget-icon-box.min.css\">\t\t<div class=\"elementor-icon-box-wrapper\">\n\t\t\t\t\t\t<div class=\"elementor-icon-box-icon\">\n\t\t\t\t<span  class=\"elementor-icon elementor-animation-pulse\">\n\t\t\t\t<i aria-hidden=\"true\" class=\"fas fa-home\"><\/i>\t\t\t\t<\/span>\n\t\t\t<\/div>\n\t\t\t\t\t\t<div class=\"elementor-icon-box-content\">\n\t\t\t\t<h3 class=\"elementor-icon-box-title\">\n\t\t\t\t\t<span  >\n\t\t\t\t\t\tCr\u00e9dito Habita\u00e7\u00e3o\t\t\t\t\t<\/span>\n\t\t\t\t<\/h3>\n\t\t\t\t\t\t\t\t\t<p class=\"elementor-icon-box-description\">\n\t\t\t\t\t\tCompre a casados seus sonhos. N\u00f3s tratamos do Cr\u00e9dito por si\t\t\t\t\t<\/p>\n\t\t\t\t\t\t\t<\/div>\n\t\t<\/div>\n\t\t\t\t<\/div>\n\t\t\t\t<\/div>\n\t\t\t\t<div class=\"elementor-element elementor-element-13194e2 elementor-widget elementor-widget-button\" data-id=\"13194e2\" data-element_type=\"widget\" data-widget_type=\"button.default\">\n\t\t\t\t<div class=\"elementor-widget-container\">\n\t\t\t\t\t<div class=\"elementor-button-wrapper\">\n\t\t\t<a class=\"elementor-button elementor-button-link elementor-size-sm elementor-animation-grow\" href=\"https:\/\/dev.apollotec.pt\/jpcredito\/credito-habitacao\/\">\n\t\t\t\t\t\t<span class=\"elementor-button-content-wrapper\">\n\t\t\t\t\t\t<span class=\"elementor-button-text\">SIMULE AGORA<\/span>\n\t\t<\/span>\n\t\t\t\t\t<\/a>\n\t\t<\/div>\n\t\t\t\t<\/div>\n\t\t\t\t<\/div>\n\t\t\t\t<\/div>\n\t\t<div class=\"elementor-element elementor-element-4d5eac4 e-con-full e-flex wpr-particle-no wpr-jarallax-no wpr-parallax-no wpr-sticky-section-no e-con e-child\" data-id=\"4d5eac4\" data-element_type=\"container\" data-settings=\"{&quot;content_width&quot;:&quot;full&quot;,&quot;background_background&quot;:&quot;classic&quot;,&quot;_ha_eqh_enable&quot;:false}\">\n\t\t\t\t<div class=\"elementor-element elementor-element-37f7a17 elementor-view-default elementor-position-top elementor-mobile-position-top elementor-widget elementor-widget-icon-box\" data-id=\"37f7a17\" data-element_type=\"widget\" data-widget_type=\"icon-box.default\">\n\t\t\t\t<div class=\"elementor-widget-container\">\n\t\t\t\t\t<div class=\"elementor-icon-box-wrapper\">\n\t\t\t\t\t\t<div class=\"elementor-icon-box-icon\">\n\t\t\t\t<span  class=\"elementor-icon elementor-animation-pulse\">\n\t\t\t\t<i aria-hidden=\"true\" class=\"fas fa-credit-card\"><\/i>\t\t\t\t<\/span>\n\t\t\t<\/div>\n\t\t\t\t\t\t<div class=\"elementor-icon-box-content\">\n\t\t\t\t<h3 class=\"elementor-icon-box-title\">\n\t\t\t\t\t<span  >\n\t\t\t\t\t\tTransfer\u00eancia de Cr\u00e9dito\t\t\t\t\t<\/span>\n\t\t\t\t<\/h3>\n\t\t\t\t\t\t\t\t\t<p class=\"elementor-icon-box-description\">\n\t\t\t\t\t\tTem TAN acima de 3% ou SPREAD acima de 0%? Se Sim est\u00e1 a perder muito dinheiro!\t\t\t\t\t<\/p>\n\t\t\t\t\t\t\t<\/div>\n\t\t<\/div>\n\t\t\t\t<\/div>\n\t\t\t\t<\/div>\n\t\t\t\t<div class=\"elementor-element elementor-element-1e4fd6c elementor-widget elementor-widget-button\" data-id=\"1e4fd6c\" data-element_type=\"widget\" data-widget_type=\"button.default\">\n\t\t\t\t<div class=\"elementor-widget-container\">\n\t\t\t\t\t<div class=\"elementor-button-wrapper\">\n\t\t\t<a class=\"elementor-button elementor-button-link elementor-size-sm elementor-animation-grow\" href=\"https:\/\/dev.apollotec.pt\/jpcredito\/transferencia-de-credito-habitacao\/\">\n\t\t\t\t\t\t<span class=\"elementor-button-content-wrapper\">\n\t\t\t\t\t\t<span class=\"elementor-button-text\">SIMULE AGORA<\/span>\n\t\t<\/span>\n\t\t\t\t\t<\/a>\n\t\t<\/div>\n\t\t\t\t<\/div>\n\t\t\t\t<\/div>\n\t\t\t\t<\/div>\n\t\t<div class=\"elementor-element elementor-element-7ab48b3 e-con-full e-flex wpr-particle-no wpr-jarallax-no wpr-parallax-no wpr-sticky-section-no e-con e-child\" data-id=\"7ab48b3\" data-element_type=\"container\" data-settings=\"{&quot;content_width&quot;:&quot;full&quot;,&quot;background_background&quot;:&quot;classic&quot;,&quot;_ha_eqh_enable&quot;:false}\">\n\t\t\t\t<div class=\"elementor-element elementor-element-556e26c elementor-view-default elementor-position-top elementor-mobile-position-top elementor-widget elementor-widget-icon-box\" data-id=\"556e26c\" data-element_type=\"widget\" data-widget_type=\"icon-box.default\">\n\t\t\t\t<div class=\"elementor-widget-container\">\n\t\t\t\t\t<div class=\"elementor-icon-box-wrapper\">\n\t\t\t\t\t\t<div class=\"elementor-icon-box-icon\">\n\t\t\t\t<span  class=\"elementor-icon elementor-animation-pulse\">\n\t\t\t\t<i aria-hidden=\"true\" class=\"fas fa-laptop-house\"><\/i>\t\t\t\t<\/span>\n\t\t\t<\/div>\n\t\t\t\t\t\t<div class=\"elementor-icon-box-content\">\n\t\t\t\t<h3 class=\"elementor-icon-box-title\">\n\t\t\t\t\t<span  >\n\t\t\t\t\t\tCr\u00e9dito Constru\u00e7\u00e3o\t\t\t\t\t<\/span>\n\t\t\t\t<\/h3>\n\t\t\t\t\t\t\t\t\t<p class=\"elementor-icon-box-description\">\n\t\t\t\t\t\tConstrua a casa dos seus sonhos. Encontramos a melhor solu\u00e7\u00e3o\t\t\t\t\t<\/p>\n\t\t\t\t\t\t\t<\/div>\n\t\t<\/div>\n\t\t\t\t<\/div>\n\t\t\t\t<\/div>\n\t\t\t\t<div class=\"elementor-element elementor-element-1b21406 elementor-widget elementor-widget-button\" data-id=\"1b21406\" data-element_type=\"widget\" data-widget_type=\"button.default\">\n\t\t\t\t<div class=\"elementor-widget-container\">\n\t\t\t\t\t<div class=\"elementor-button-wrapper\">\n\t\t\t<a class=\"elementor-button elementor-button-link elementor-size-sm elementor-animation-grow\" href=\"https:\/\/dev.apollotec.pt\/jpcredito\/credito-a-construcao\/\">\n\t\t\t\t\t\t<span class=\"elementor-button-content-wrapper\">\n\t\t\t\t\t\t<span class=\"elementor-button-text\">SIMULE AGORA<\/span>\n\t\t<\/span>\n\t\t\t\t\t<\/a>\n\t\t<\/div>\n\t\t\t\t<\/div>\n\t\t\t\t<\/div>\n\t\t\t\t<\/div>\n\t\t\t\t\t<\/div>\n\t\t\t\t<\/div>\n\t\t<div class=\"elementor-element elementor-element-7f55d288 e-flex e-con-boxed wpr-particle-no wpr-jarallax-no wpr-parallax-no wpr-sticky-section-no e-con e-parent\" data-id=\"7f55d288\" data-element_type=\"container\" data-settings=\"{&quot;content_width&quot;:&quot;boxed&quot;,&quot;_ha_eqh_enable&quot;:false}\" data-core-v316-plus=\"true\">\n\t\t\t\t\t<div class=\"e-con-inner\">\n\t\t\t\t<div class=\"elementor-element elementor-element-35b4d552 elementor-widget elementor-widget-html\" data-id=\"35b4d552\" data-element_type=\"widget\" data-widget_type=\"html.default\">\n\t\t\t\t<div class=\"elementor-widget-container\">\n\t\t\t<!DOCTYPE html>\r\n<html lang=\"en\">\r\n<head>\r\n    <!-- Outras tags head aqui, se necess\u00e1rio -->\r\n    <script src=\"https:\/\/code.jquery.com\/jquery-3.6.4.min.js\"><\/script>\r\n<\/head>\r\n<body>\r\n\r\n<iframe title=\"W3Schools Free Online Web Tutorials\" src=\"https:\/\/dev.apollotec.pt\/jpcredito\/euriboriframe.php\" height=\"1450\"><\/iframe>\r\n\r\n<!-- Seu script JavaScript que usa jQuery aqui -->\r\n<script>\r\n    \/\/ Use jQuery noConflict para evitar conflitos\r\n    jQuery.noConflict();\r\n    jQuery(document).ready(function($) {\r\n        \/\/ Seu c\u00f3digo que usa $ aqui\r\n        \/\/ Exemplo: $('seletor').funcaoDojQuery();\r\n    });\r\n<\/script>\r\n\r\n<!-- Outros scripts ou tags body aqui, se necess\u00e1rio -->\r\n<\/body>\r\n<\/html>\r\n\t\t<\/div>\n\t\t\t\t<\/div>\n\t\t\t\t\t<\/div>\n\t\t\t\t<\/div>\n\t\t\t\t\t\t\t<\/div>\n\t\t","protected":false},"excerpt":{"rendered":"<p>Conhe\u00e7a as Taxas de Euribor Cr\u00e9dito Habita\u00e7\u00e3o Compre a casados seus sonhos. N\u00f3s tratamos do Cr\u00e9dito por si SIMULE AGORA Transfer\u00eancia de Cr\u00e9dito Tem TAN acima de 3% ou SPREAD acima de 0%? Se Sim est\u00e1 a perder muito dinheiro! SIMULE AGORA Cr\u00e9dito Constru\u00e7\u00e3o Construa a casa dos seus sonhos. Encontramos a melhor solu\u00e7\u00e3o SIMULE [&hellip;]<\/p>\n","protected":false},"author":4,"featured_media":44,"parent":0,"menu_order":0,"comment_status":"closed","ping_status":"closed","template":"elementor_header_footer","meta":{"footnotes":""},"class_list":["post-9360","page","type-page","status-publish","has-post-thumbnail","hentry"],"yoast_head":"<!-- This site is optimized with the Yoast SEO plugin v21.9 - https:\/\/yoast.com\/wordpress\/plugins\/seo\/ -->\n<title>Euribor - JP Cr\u00e9dito e Seguros<\/title>\n<meta name=\"description\" content=\"Explore as \u00faltimas atualiza\u00e7\u00f5es da Euribor e descubra oportunidades de cr\u00e9dito personalizadas atrav\u00e9s dos nossos servi\u00e7os \u00e0 medida.\" \/>\n<meta name=\"robots\" content=\"index, follow, max-snippet:-1, max-image-preview:large, max-video-preview:-1\" \/>\n<link rel=\"canonical\" href=\"https:\/\/dev.apollotec.pt\/jpcredito\/euribor\/\" \/>\n<meta property=\"og:locale\" content=\"pt_PT\" \/>\n<meta property=\"og:type\" content=\"article\" \/>\n<meta property=\"og:title\" content=\"Euribor - JP Cr\u00e9dito e Seguros\" \/>\n<meta property=\"og:description\" content=\"Explore as \u00faltimas atualiza\u00e7\u00f5es da Euribor e descubra oportunidades de cr\u00e9dito personalizadas atrav\u00e9s dos nossos servi\u00e7os \u00e0 medida.\" \/>\n<meta property=\"og:url\" content=\"https:\/\/dev.apollotec.pt\/jpcredito\/euribor\/\" \/>\n<meta property=\"og:site_name\" content=\"JP Cr\u00e9dito e Seguros\" \/>\n<meta property=\"article:modified_time\" content=\"2024-01-30T10:21:38+00:00\" \/>\n<meta property=\"og:image\" content=\"https:\/\/dev.apollotec.pt\/jpcredito\/wp-content\/uploads\/2023\/10\/cropped-jp-credito-e-seguros-intermediario-de-credito-removebg-preview.png\" \/>\n\t<meta property=\"og:image:width\" content=\"512\" \/>\n\t<meta property=\"og:image:height\" content=\"512\" \/>\n\t<meta property=\"og:image:type\" content=\"image\/png\" \/>\n<meta name=\"twitter:card\" content=\"summary_large_image\" \/>\n<meta name=\"twitter:label1\" content=\"Tempo estimado de leitura\" \/>\n\t<meta name=\"twitter:data1\" content=\"1 minuto\" \/>\n<script type=\"application\/ld+json\" class=\"yoast-schema-graph\">{\"@context\":\"https:\/\/schema.org\",\"@graph\":[{\"@type\":\"WebPage\",\"@id\":\"https:\/\/dev.apollotec.pt\/jpcredito\/euribor\/\",\"url\":\"https:\/\/dev.apollotec.pt\/jpcredito\/euribor\/\",\"name\":\"Euribor - JP Cr\u00e9dito e Seguros\",\"isPartOf\":{\"@id\":\"https:\/\/dev.apollotec.pt\/jpcredito\/#website\"},\"datePublished\":\"2024-01-29T17:48:38+00:00\",\"dateModified\":\"2024-01-30T10:21:38+00:00\",\"description\":\"Explore as \u00faltimas atualiza\u00e7\u00f5es da Euribor e descubra oportunidades de cr\u00e9dito personalizadas atrav\u00e9s dos nossos servi\u00e7os \u00e0 medida.\",\"breadcrumb\":{\"@id\":\"https:\/\/dev.apollotec.pt\/jpcredito\/euribor\/#breadcrumb\"},\"inLanguage\":\"pt-PT\",\"potentialAction\":[{\"@type\":\"ReadAction\",\"target\":[\"https:\/\/dev.apollotec.pt\/jpcredito\/euribor\/\"]}]},{\"@type\":\"BreadcrumbList\",\"@id\":\"https:\/\/dev.apollotec.pt\/jpcredito\/euribor\/#breadcrumb\",\"itemListElement\":[{\"@type\":\"ListItem\",\"position\":1,\"name\":\"Home\",\"item\":\"https:\/\/dev.apollotec.pt\/jpcredito\/\"},{\"@type\":\"ListItem\",\"position\":2,\"name\":\"Euribor\"}]},{\"@type\":\"WebSite\",\"@id\":\"https:\/\/dev.apollotec.pt\/jpcredito\/#website\",\"url\":\"https:\/\/dev.apollotec.pt\/jpcredito\/\",\"name\":\"JP Cr\u00e9dito e Seguros\",\"description\":\"\",\"publisher\":{\"@id\":\"https:\/\/dev.apollotec.pt\/jpcredito\/#organization\"},\"potentialAction\":[{\"@type\":\"SearchAction\",\"target\":{\"@type\":\"EntryPoint\",\"urlTemplate\":\"https:\/\/dev.apollotec.pt\/jpcredito\/?s={search_term_string}\"},\"query-input\":\"required name=search_term_string\"}],\"inLanguage\":\"pt-PT\"},{\"@type\":\"Organization\",\"@id\":\"https:\/\/dev.apollotec.pt\/jpcredito\/#organization\",\"name\":\"JP Cr\u00e9dito e Seguros\",\"url\":\"https:\/\/dev.apollotec.pt\/jpcredito\/\",\"logo\":{\"@type\":\"ImageObject\",\"inLanguage\":\"pt-PT\",\"@id\":\"https:\/\/dev.apollotec.pt\/jpcredito\/#\/schema\/logo\/image\/\",\"url\":\"https:\/\/dev.apollotec.pt\/jpcredito\/wp-content\/uploads\/2023\/10\/cropped-jp-credito-e-seguros-intermediario-de-credito-removebg-preview.png\",\"contentUrl\":\"https:\/\/dev.apollotec.pt\/jpcredito\/wp-content\/uploads\/2023\/10\/cropped-jp-credito-e-seguros-intermediario-de-credito-removebg-preview.png\",\"width\":512,\"height\":512,\"caption\":\"JP Cr\u00e9dito e Seguros\"},\"image\":{\"@id\":\"https:\/\/dev.apollotec.pt\/jpcredito\/#\/schema\/logo\/image\/\"}}]}<\/script>\n<!-- \/ Yoast SEO plugin. -->","yoast_head_json":{"title":"Euribor - JP Cr\u00e9dito e Seguros","description":"Explore as \u00faltimas atualiza\u00e7\u00f5es da Euribor e descubra oportunidades de cr\u00e9dito personalizadas atrav\u00e9s dos nossos servi\u00e7os \u00e0 medida.","robots":{"index":"index","follow":"follow","max-snippet":"max-snippet:-1","max-image-preview":"max-image-preview:large","max-video-preview":"max-video-preview:-1"},"canonical":"https:\/\/dev.apollotec.pt\/jpcredito\/euribor\/","og_locale":"pt_PT","og_type":"article","og_title":"Euribor - JP Cr\u00e9dito e Seguros","og_description":"Explore as \u00faltimas atualiza\u00e7\u00f5es da Euribor e descubra oportunidades de cr\u00e9dito personalizadas atrav\u00e9s dos nossos servi\u00e7os \u00e0 medida.","og_url":"https:\/\/dev.apollotec.pt\/jpcredito\/euribor\/","og_site_name":"JP Cr\u00e9dito e Seguros","article_modified_time":"2024-01-30T10:21:38+00:00","og_image":[{"width":512,"height":512,"url":"https:\/\/dev.apollotec.pt\/jpcredito\/wp-content\/uploads\/2023\/10\/cropped-jp-credito-e-seguros-intermediario-de-credito-removebg-preview.png","type":"image\/png"}],"twitter_card":"summary_large_image","twitter_misc":{"Tempo estimado de leitura":"1 minuto"},"schema":{"@context":"https:\/\/schema.org","@graph":[{"@type":"WebPage","@id":"https:\/\/dev.apollotec.pt\/jpcredito\/euribor\/","url":"https:\/\/dev.apollotec.pt\/jpcredito\/euribor\/","name":"Euribor - JP Cr\u00e9dito e Seguros","isPartOf":{"@id":"https:\/\/dev.apollotec.pt\/jpcredito\/#website"},"datePublished":"2024-01-29T17:48:38+00:00","dateModified":"2024-01-30T10:21:38+00:00","description":"Explore as \u00faltimas atualiza\u00e7\u00f5es da Euribor e descubra oportunidades de cr\u00e9dito personalizadas atrav\u00e9s dos nossos servi\u00e7os \u00e0 medida.","breadcrumb":{"@id":"https:\/\/dev.apollotec.pt\/jpcredito\/euribor\/#breadcrumb"},"inLanguage":"pt-PT","potentialAction":[{"@type":"ReadAction","target":["https:\/\/dev.apollotec.pt\/jpcredito\/euribor\/"]}]},{"@type":"BreadcrumbList","@id":"https:\/\/dev.apollotec.pt\/jpcredito\/euribor\/#breadcrumb","itemListElement":[{"@type":"ListItem","position":1,"name":"Home","item":"https:\/\/dev.apollotec.pt\/jpcredito\/"},{"@type":"ListItem","position":2,"name":"Euribor"}]},{"@type":"WebSite","@id":"https:\/\/dev.apollotec.pt\/jpcredito\/#website","url":"https:\/\/dev.apollotec.pt\/jpcredito\/","name":"JP Cr\u00e9dito e Seguros","description":"","publisher":{"@id":"https:\/\/dev.apollotec.pt\/jpcredito\/#organization"},"potentialAction":[{"@type":"SearchAction","target":{"@type":"EntryPoint","urlTemplate":"https:\/\/dev.apollotec.pt\/jpcredito\/?s={search_term_string}"},"query-input":"required name=search_term_string"}],"inLanguage":"pt-PT"},{"@type":"Organization","@id":"https:\/\/dev.apollotec.pt\/jpcredito\/#organization","name":"JP Cr\u00e9dito e Seguros","url":"https:\/\/dev.apollotec.pt\/jpcredito\/","logo":{"@type":"ImageObject","inLanguage":"pt-PT","@id":"https:\/\/dev.apollotec.pt\/jpcredito\/#\/schema\/logo\/image\/","url":"https:\/\/dev.apollotec.pt\/jpcredito\/wp-content\/uploads\/2023\/10\/cropped-jp-credito-e-seguros-intermediario-de-credito-removebg-preview.png","contentUrl":"https:\/\/dev.apollotec.pt\/jpcredito\/wp-content\/uploads\/2023\/10\/cropped-jp-credito-e-seguros-intermediario-de-credito-removebg-preview.png","width":512,"height":512,"caption":"JP Cr\u00e9dito e Seguros"},"image":{"@id":"https:\/\/dev.apollotec.pt\/jpcredito\/#\/schema\/logo\/image\/"}}]}},"_links":{"self":[{"href":"https:\/\/dev.apollotec.pt\/jpcredito\/wp-json\/wp\/v2\/pages\/9360","targetHints":{"allow":["GET"]}}],"collection":[{"href":"https:\/\/dev.apollotec.pt\/jpcredito\/wp-json\/wp\/v2\/pages"}],"about":[{"href":"https:\/\/dev.apollotec.pt\/jpcredito\/wp-json\/wp\/v2\/types\/page"}],"author":[{"embeddable":true,"href":"https:\/\/dev.apollotec.pt\/jpcredito\/wp-json\/wp\/v2\/users\/4"}],"replies":[{"embeddable":true,"href":"https:\/\/dev.apollotec.pt\/jpcredito\/wp-json\/wp\/v2\/comments?post=9360"}],"version-history":[{"count":54,"href":"https:\/\/dev.apollotec.pt\/jpcredito\/wp-json\/wp\/v2\/pages\/9360\/revisions"}],"predecessor-version":[{"id":9615,"href":"https:\/\/dev.apollotec.pt\/jpcredito\/wp-json\/wp\/v2\/pages\/9360\/revisions\/9615"}],"wp:featuredmedia":[{"embeddable":true,"href":"https:\/\/dev.apollotec.pt\/jpcredito\/wp-json\/wp\/v2\/media\/44"}],"wp:attachment":[{"href":"https:\/\/dev.apollotec.pt\/jpcredito\/wp-json\/wp\/v2\/media?parent=9360"}],"curies":[{"name":"wp","href":"https:\/\/api.w.org\/{rel}","templated":true}]}}