{"id":36,"date":"2023-11-15T10:48:48","date_gmt":"2023-11-15T10:48:48","guid":{"rendered":"https:\/\/dev.apollotec.pt\/jpcredito\/?page_id=36"},"modified":"2024-01-29T23:09:17","modified_gmt":"2024-01-29T23:09:17","slug":"termos-condicoes","status":"publish","type":"page","link":"https:\/\/dev.apollotec.pt\/jpcredito\/termos-condicoes\/","title":{"rendered":"Termos &#038; Condi\u00e7\u00f5es"},"content":{"rendered":"\t\t<div data-elementor-type=\"wp-page\" data-elementor-id=\"36\" class=\"elementor elementor-36\" data-elementor-post-type=\"page\">\n\t\t\t\t\t\t\t<div class=\"elementor-element elementor-element-0ff1841 e-flex e-con-boxed wpr-particle-no wpr-jarallax-no wpr-parallax-no wpr-sticky-section-no e-con e-parent\" data-id=\"0ff1841\" data-element_type=\"container\" data-settings=\"{&quot;content_width&quot;:&quot;boxed&quot;,&quot;_ha_eqh_enable&quot;:false}\" data-core-v316-plus=\"true\">\n\t\t\t\t\t<div class=\"e-con-inner\">\n\t\t\t\t<div class=\"elementor-element elementor-element-3bb883e elementor-widget elementor-widget-heading\" data-id=\"3bb883e\" data-element_type=\"widget\" data-widget_type=\"heading.default\">\n\t\t\t\t<div class=\"elementor-widget-container\">\n\t\t\t<style>\/*! elementor - v3.18.0 - 20-12-2023 *\/\n.elementor-heading-title{padding:0;margin:0;line-height:1}.elementor-widget-heading .elementor-heading-title[class*=elementor-size-]>a{color:inherit;font-size:inherit;line-height:inherit}.elementor-widget-heading .elementor-heading-title.elementor-size-small{font-size:15px}.elementor-widget-heading .elementor-heading-title.elementor-size-medium{font-size:19px}.elementor-widget-heading .elementor-heading-title.elementor-size-large{font-size:29px}.elementor-widget-heading .elementor-heading-title.elementor-size-xl{font-size:39px}.elementor-widget-heading .elementor-heading-title.elementor-size-xxl{font-size:59px}<\/style><h2 class=\"elementor-heading-title elementor-size-default\">Termos &amp; Condi\u00e7\u00f5es<\/h2>\t\t<\/div>\n\t\t\t\t<\/div>\n\t\t\t\t\t<\/div>\n\t\t\t\t<\/div>\n\t\t<div class=\"elementor-element elementor-element-d651f86 e-flex e-con-boxed wpr-particle-no wpr-jarallax-no wpr-parallax-no wpr-sticky-section-no e-con e-parent\" data-id=\"d651f86\" data-element_type=\"container\" data-settings=\"{&quot;content_width&quot;:&quot;boxed&quot;,&quot;_ha_eqh_enable&quot;:false}\" data-core-v316-plus=\"true\">\n\t\t\t\t\t<div class=\"e-con-inner\">\n\t\t\t\t<div class=\"elementor-element elementor-element-565f8d3 elementor-widget elementor-widget-text-editor\" data-id=\"565f8d3\" data-element_type=\"widget\" data-widget_type=\"text-editor.default\">\n\t\t\t\t<div class=\"elementor-widget-container\">\n\t\t\t<style>\/*! elementor - v3.18.0 - 20-12-2023 *\/\n.elementor-widget-text-editor.elementor-drop-cap-view-stacked .elementor-drop-cap{background-color:#69727d;color:#fff}.elementor-widget-text-editor.elementor-drop-cap-view-framed .elementor-drop-cap{color:#69727d;border:3px solid;background-color:transparent}.elementor-widget-text-editor:not(.elementor-drop-cap-view-default) .elementor-drop-cap{margin-top:8px}.elementor-widget-text-editor:not(.elementor-drop-cap-view-default) .elementor-drop-cap-letter{width:1em;height:1em}.elementor-widget-text-editor .elementor-drop-cap{float:left;text-align:center;line-height:1;font-size:50px}.elementor-widget-text-editor .elementor-drop-cap-letter{display:inline-block}<\/style>\t\t\t\t<p>Os presentes Termos e Condi\u00e7\u00f5es Gerais aplicam-se ao acesso e uso do website. A JP Cr\u00e9dito e Seguros (Dicas Vitoriosas Unipessoal, Lda., reserva-se no direito de alterar ou modificar unilateralmente, em qualquer momento e sem aviso pr\u00e9vio, a apresenta\u00e7\u00e3o e configura\u00e7\u00e3o do website, pelo que a aceita\u00e7\u00e3o dos termos e condi\u00e7\u00f5es \u00e9 absolutamente indispens\u00e1vel \u00e0 sua utiliza\u00e7\u00e3o.<\/p><p>Ao submeter os dados na solicita\u00e7\u00e3o de um pedido de contacto, o utilizador autoriza explicitamente a JP Cr\u00e9dito e Seguros (Dicas Vitoriosas Unipessoal, Lda., a enviar informa\u00e7\u00e3o sobre os produtos e servi\u00e7os que possam ser do seu interesse, utilizando os seus dados pessoais para efeitos de marketing direto e publicidade, como por exemplo, newsletters, convites, informa\u00e7\u00e3o sobre participa\u00e7\u00e3o em eventos, campanhas especiais, divulga\u00e7\u00e3o de novos produtos e servi\u00e7os, para ser contactado via telefone e para receber, por email e SMS comunica\u00e7\u00f5es de marketing.<\/p><p>Os dados recolhidos para comunica\u00e7\u00f5es de marketing da JP Cr\u00e9dito e Seguros (Dicas Vitoriosas Unipessoal, Lda., s\u00e3o tratados e armazenados at\u00e9 o titular dos dados retirar o consentimento prestado (sem comprometer a licitude do tratamento efetuado com base no consentimento previamente dado), bem como exercer os seus direitos de acesso, esquecimento, retifica\u00e7\u00e3o, corre\u00e7\u00e3o e oposi\u00e7\u00e3o, atrav\u00e9s do email <a href=\"mailto:geral@jpcreditoeseguros.pt\"><span style=\"color: red;\">geral@jpcreditoeseguros.pt<\/span><\/a> ou de carta, enviada para a morada Rua Agostinho Jos\u00e9 Taveira, n.\u00ba 298, 4990-072 Arca e Ponte de Lima, Portugal.<\/p><p>Para al\u00e9m disso, poder\u00e1, a qualquer momento, apresentar uma reclama\u00e7\u00e3o \u00e0 autoridade de supervis\u00e3o e controlo: Comiss\u00e3o Nacional de Prote\u00e7\u00e3o de Dados \u2013 CNPD | Rua de S. Bento, n\u00famero 148, 3.\u00ba andar, 1200-821 Lisboa | Tel: 213928400 | Fax: 213976832 | e-mail: <a href=\"mailto:geral@cnpd.pt\"><span style=\"color: red;\">geral@cnpd.pt<\/span><\/a>.<\/p><p>Todos os conte\u00fados deste website s\u00e3o propriedade da JP Cr\u00e9dito e Seguros (Dicas Vitoriosas Unipessoal, Lda., e poder\u00e3o conter liga\u00e7\u00f5es para websites externos e servi\u00e7os de outras entidades, que det\u00eam as suas pr\u00f3prias pol\u00edticas de privacidade, pelo que n\u00e3o temos controlo pelo conte\u00fado dos mesmos e n\u00e3o temos qualquer responsabilidade nas suas pr\u00e1ticas e respetivas pol\u00edticas de privacidade.<\/p>\t\t\t\t\t\t<\/div>\n\t\t\t\t<\/div>\n\t\t\t\t\t<\/div>\n\t\t\t\t<\/div>\n\t\t\t\t\t\t\t<\/div>\n\t\t","protected":false},"excerpt":{"rendered":"<p>Termos &amp; Condi\u00e7\u00f5es Os presentes Termos e Condi\u00e7\u00f5es Gerais aplicam-se ao acesso e uso do website. A JP Cr\u00e9dito e Seguros (Dicas Vitoriosas Unipessoal, Lda., reserva-se no direito de alterar ou modificar unilateralmente, em qualquer momento e sem aviso pr\u00e9vio, a apresenta\u00e7\u00e3o e configura\u00e7\u00e3o do website, pelo que a aceita\u00e7\u00e3o dos termos e condi\u00e7\u00f5es \u00e9 [&hellip;]<\/p>\n","protected":false},"author":1,"featured_media":44,"parent":0,"menu_order":0,"comment_status":"closed","ping_status":"closed","template":"elementor_canvas","meta":{"footnotes":""},"class_list":["post-36","page","type-page","status-publish","has-post-thumbnail","hentry"],"yoast_head":"<!-- This site is optimized with the Yoast SEO plugin v21.9 - https:\/\/yoast.com\/wordpress\/plugins\/seo\/ -->\n<title>Termos &amp; Condi\u00e7\u00f5es - JP Cr\u00e9dito e Seguros<\/title>\n<meta name=\"description\" content=\"Conhe\u00e7a os nossos termos e condi\u00e7\u00f5es para que possa usufruir dos nossos servi\u00e7os de forma informada e consciente.\" \/>\n<meta name=\"robots\" content=\"index, follow, max-snippet:-1, max-image-preview:large, max-video-preview:-1\" \/>\n<link rel=\"canonical\" href=\"https:\/\/dev.apollotec.pt\/jpcredito\/termos-condicoes\/\" \/>\n<meta property=\"og:locale\" content=\"pt_PT\" \/>\n<meta property=\"og:type\" content=\"article\" \/>\n<meta property=\"og:title\" content=\"Termos &amp; Condi\u00e7\u00f5es - JP Cr\u00e9dito e Seguros\" \/>\n<meta property=\"og:description\" content=\"Conhe\u00e7a os nossos termos e condi\u00e7\u00f5es para que possa usufruir dos nossos servi\u00e7os de forma informada e consciente.\" \/>\n<meta property=\"og:url\" content=\"https:\/\/dev.apollotec.pt\/jpcredito\/termos-condicoes\/\" \/>\n<meta property=\"og:site_name\" content=\"JP Cr\u00e9dito e Seguros\" \/>\n<meta property=\"article:modified_time\" content=\"2024-01-29T23:09:17+00:00\" \/>\n<meta property=\"og:image\" content=\"https:\/\/dev.apollotec.pt\/jpcredito\/wp-content\/uploads\/2023\/10\/cropped-jp-credito-e-seguros-intermediario-de-credito-removebg-preview.png\" \/>\n\t<meta property=\"og:image:width\" content=\"512\" \/>\n\t<meta property=\"og:image:height\" content=\"512\" \/>\n\t<meta property=\"og:image:type\" content=\"image\/png\" \/>\n<meta name=\"twitter:card\" content=\"summary_large_image\" \/>\n<meta name=\"twitter:label1\" content=\"Tempo estimado de leitura\" \/>\n\t<meta name=\"twitter:data1\" content=\"2 minutos\" \/>\n<script type=\"application\/ld+json\" class=\"yoast-schema-graph\">{\"@context\":\"https:\/\/schema.org\",\"@graph\":[{\"@type\":\"WebPage\",\"@id\":\"https:\/\/dev.apollotec.pt\/jpcredito\/termos-condicoes\/\",\"url\":\"https:\/\/dev.apollotec.pt\/jpcredito\/termos-condicoes\/\",\"name\":\"Termos & Condi\u00e7\u00f5es - JP Cr\u00e9dito e Seguros\",\"isPartOf\":{\"@id\":\"https:\/\/dev.apollotec.pt\/jpcredito\/#website\"},\"datePublished\":\"2023-11-15T10:48:48+00:00\",\"dateModified\":\"2024-01-29T23:09:17+00:00\",\"description\":\"Conhe\u00e7a os nossos termos e condi\u00e7\u00f5es para que possa usufruir dos nossos servi\u00e7os de forma informada e consciente.\",\"breadcrumb\":{\"@id\":\"https:\/\/dev.apollotec.pt\/jpcredito\/termos-condicoes\/#breadcrumb\"},\"inLanguage\":\"pt-PT\",\"potentialAction\":[{\"@type\":\"ReadAction\",\"target\":[\"https:\/\/dev.apollotec.pt\/jpcredito\/termos-condicoes\/\"]}]},{\"@type\":\"BreadcrumbList\",\"@id\":\"https:\/\/dev.apollotec.pt\/jpcredito\/termos-condicoes\/#breadcrumb\",\"itemListElement\":[{\"@type\":\"ListItem\",\"position\":1,\"name\":\"Home\",\"item\":\"https:\/\/dev.apollotec.pt\/jpcredito\/\"},{\"@type\":\"ListItem\",\"position\":2,\"name\":\"Termos &#038; Condi\u00e7\u00f5es\"}]},{\"@type\":\"WebSite\",\"@id\":\"https:\/\/dev.apollotec.pt\/jpcredito\/#website\",\"url\":\"https:\/\/dev.apollotec.pt\/jpcredito\/\",\"name\":\"JP Cr\u00e9dito e Seguros\",\"description\":\"\",\"publisher\":{\"@id\":\"https:\/\/dev.apollotec.pt\/jpcredito\/#organization\"},\"potentialAction\":[{\"@type\":\"SearchAction\",\"target\":{\"@type\":\"EntryPoint\",\"urlTemplate\":\"https:\/\/dev.apollotec.pt\/jpcredito\/?s={search_term_string}\"},\"query-input\":\"required name=search_term_string\"}],\"inLanguage\":\"pt-PT\"},{\"@type\":\"Organization\",\"@id\":\"https:\/\/dev.apollotec.pt\/jpcredito\/#organization\",\"name\":\"JP Cr\u00e9dito e Seguros\",\"url\":\"https:\/\/dev.apollotec.pt\/jpcredito\/\",\"logo\":{\"@type\":\"ImageObject\",\"inLanguage\":\"pt-PT\",\"@id\":\"https:\/\/dev.apollotec.pt\/jpcredito\/#\/schema\/logo\/image\/\",\"url\":\"https:\/\/dev.apollotec.pt\/jpcredito\/wp-content\/uploads\/2023\/10\/cropped-jp-credito-e-seguros-intermediario-de-credito-removebg-preview.png\",\"contentUrl\":\"https:\/\/dev.apollotec.pt\/jpcredito\/wp-content\/uploads\/2023\/10\/cropped-jp-credito-e-seguros-intermediario-de-credito-removebg-preview.png\",\"width\":512,\"height\":512,\"caption\":\"JP Cr\u00e9dito e Seguros\"},\"image\":{\"@id\":\"https:\/\/dev.apollotec.pt\/jpcredito\/#\/schema\/logo\/image\/\"}}]}<\/script>\n<!-- \/ Yoast SEO plugin. -->","yoast_head_json":{"title":"Termos & Condi\u00e7\u00f5es - JP Cr\u00e9dito e Seguros","description":"Conhe\u00e7a os nossos termos e condi\u00e7\u00f5es para que possa usufruir dos nossos servi\u00e7os de forma informada e consciente.","robots":{"index":"index","follow":"follow","max-snippet":"max-snippet:-1","max-image-preview":"max-image-preview:large","max-video-preview":"max-video-preview:-1"},"canonical":"https:\/\/dev.apollotec.pt\/jpcredito\/termos-condicoes\/","og_locale":"pt_PT","og_type":"article","og_title":"Termos & Condi\u00e7\u00f5es - JP Cr\u00e9dito e Seguros","og_description":"Conhe\u00e7a os nossos termos e condi\u00e7\u00f5es para que possa usufruir dos nossos servi\u00e7os de forma informada e consciente.","og_url":"https:\/\/dev.apollotec.pt\/jpcredito\/termos-condicoes\/","og_site_name":"JP Cr\u00e9dito e Seguros","article_modified_time":"2024-01-29T23:09:17+00:00","og_image":[{"width":512,"height":512,"url":"https:\/\/dev.apollotec.pt\/jpcredito\/wp-content\/uploads\/2023\/10\/cropped-jp-credito-e-seguros-intermediario-de-credito-removebg-preview.png","type":"image\/png"}],"twitter_card":"summary_large_image","twitter_misc":{"Tempo estimado de leitura":"2 minutos"},"schema":{"@context":"https:\/\/schema.org","@graph":[{"@type":"WebPage","@id":"https:\/\/dev.apollotec.pt\/jpcredito\/termos-condicoes\/","url":"https:\/\/dev.apollotec.pt\/jpcredito\/termos-condicoes\/","name":"Termos & Condi\u00e7\u00f5es - JP Cr\u00e9dito e Seguros","isPartOf":{"@id":"https:\/\/dev.apollotec.pt\/jpcredito\/#website"},"datePublished":"2023-11-15T10:48:48+00:00","dateModified":"2024-01-29T23:09:17+00:00","description":"Conhe\u00e7a os nossos termos e condi\u00e7\u00f5es para que possa usufruir dos nossos servi\u00e7os de forma informada e consciente.","breadcrumb":{"@id":"https:\/\/dev.apollotec.pt\/jpcredito\/termos-condicoes\/#breadcrumb"},"inLanguage":"pt-PT","potentialAction":[{"@type":"ReadAction","target":["https:\/\/dev.apollotec.pt\/jpcredito\/termos-condicoes\/"]}]},{"@type":"BreadcrumbList","@id":"https:\/\/dev.apollotec.pt\/jpcredito\/termos-condicoes\/#breadcrumb","itemListElement":[{"@type":"ListItem","position":1,"name":"Home","item":"https:\/\/dev.apollotec.pt\/jpcredito\/"},{"@type":"ListItem","position":2,"name":"Termos &#038; Condi\u00e7\u00f5es"}]},{"@type":"WebSite","@id":"https:\/\/dev.apollotec.pt\/jpcredito\/#website","url":"https:\/\/dev.apollotec.pt\/jpcredito\/","name":"JP Cr\u00e9dito e Seguros","description":"","publisher":{"@id":"https:\/\/dev.apollotec.pt\/jpcredito\/#organization"},"potentialAction":[{"@type":"SearchAction","target":{"@type":"EntryPoint","urlTemplate":"https:\/\/dev.apollotec.pt\/jpcredito\/?s={search_term_string}"},"query-input":"required name=search_term_string"}],"inLanguage":"pt-PT"},{"@type":"Organization","@id":"https:\/\/dev.apollotec.pt\/jpcredito\/#organization","name":"JP Cr\u00e9dito e Seguros","url":"https:\/\/dev.apollotec.pt\/jpcredito\/","logo":{"@type":"ImageObject","inLanguage":"pt-PT","@id":"https:\/\/dev.apollotec.pt\/jpcredito\/#\/schema\/logo\/image\/","url":"https:\/\/dev.apollotec.pt\/jpcredito\/wp-content\/uploads\/2023\/10\/cropped-jp-credito-e-seguros-intermediario-de-credito-removebg-preview.png","contentUrl":"https:\/\/dev.apollotec.pt\/jpcredito\/wp-content\/uploads\/2023\/10\/cropped-jp-credito-e-seguros-intermediario-de-credito-removebg-preview.png","width":512,"height":512,"caption":"JP Cr\u00e9dito e Seguros"},"image":{"@id":"https:\/\/dev.apollotec.pt\/jpcredito\/#\/schema\/logo\/image\/"}}]}},"_links":{"self":[{"href":"https:\/\/dev.apollotec.pt\/jpcredito\/wp-json\/wp\/v2\/pages\/36","targetHints":{"allow":["GET"]}}],"collection":[{"href":"https:\/\/dev.apollotec.pt\/jpcredito\/wp-json\/wp\/v2\/pages"}],"about":[{"href":"https:\/\/dev.apollotec.pt\/jpcredito\/wp-json\/wp\/v2\/types\/page"}],"author":[{"embeddable":true,"href":"https:\/\/dev.apollotec.pt\/jpcredito\/wp-json\/wp\/v2\/users\/1"}],"replies":[{"embeddable":true,"href":"https:\/\/dev.apollotec.pt\/jpcredito\/wp-json\/wp\/v2\/comments?post=36"}],"version-history":[{"count":8,"href":"https:\/\/dev.apollotec.pt\/jpcredito\/wp-json\/wp\/v2\/pages\/36\/revisions"}],"predecessor-version":[{"id":9500,"href":"https:\/\/dev.apollotec.pt\/jpcredito\/wp-json\/wp\/v2\/pages\/36\/revisions\/9500"}],"wp:featuredmedia":[{"embeddable":true,"href":"https:\/\/dev.apollotec.pt\/jpcredito\/wp-json\/wp\/v2\/media\/44"}],"wp:attachment":[{"href":"https:\/\/dev.apollotec.pt\/jpcredito\/wp-json\/wp\/v2\/media?parent=36"}],"curies":[{"name":"wp","href":"https:\/\/api.w.org\/{rel}","templated":true}]}}