{"id":31,"date":"2023-11-15T10:46:41","date_gmt":"2023-11-15T10:46:41","guid":{"rendered":"https:\/\/dev.apollotec.pt\/jpcredito\/?page_id=31"},"modified":"2024-01-29T23:06:59","modified_gmt":"2024-01-29T23:06:59","slug":"politica-de-utilizacao-de-cookies","status":"publish","type":"page","link":"https:\/\/dev.apollotec.pt\/jpcredito\/politica-de-utilizacao-de-cookies\/","title":{"rendered":"Pol\u00edtica de Utiliza\u00e7\u00e3o de Cookies"},"content":{"rendered":"\t\t<div data-elementor-type=\"wp-page\" data-elementor-id=\"31\" class=\"elementor elementor-31\" data-elementor-post-type=\"page\">\n\t\t\t\t\t\t\t<div class=\"elementor-element elementor-element-0ff1841 e-flex e-con-boxed wpr-particle-no wpr-jarallax-no wpr-parallax-no wpr-sticky-section-no e-con e-parent\" data-id=\"0ff1841\" data-element_type=\"container\" data-settings=\"{&quot;content_width&quot;:&quot;boxed&quot;,&quot;_ha_eqh_enable&quot;:false}\" data-core-v316-plus=\"true\">\n\t\t\t\t\t<div class=\"e-con-inner\">\n\t\t\t\t<div class=\"elementor-element elementor-element-3bb883e elementor-widget elementor-widget-heading\" data-id=\"3bb883e\" data-element_type=\"widget\" data-widget_type=\"heading.default\">\n\t\t\t\t<div class=\"elementor-widget-container\">\n\t\t\t<style>\/*! elementor - v3.18.0 - 20-12-2023 *\/\n.elementor-heading-title{padding:0;margin:0;line-height:1}.elementor-widget-heading .elementor-heading-title[class*=elementor-size-]>a{color:inherit;font-size:inherit;line-height:inherit}.elementor-widget-heading .elementor-heading-title.elementor-size-small{font-size:15px}.elementor-widget-heading .elementor-heading-title.elementor-size-medium{font-size:19px}.elementor-widget-heading .elementor-heading-title.elementor-size-large{font-size:29px}.elementor-widget-heading .elementor-heading-title.elementor-size-xl{font-size:39px}.elementor-widget-heading .elementor-heading-title.elementor-size-xxl{font-size:59px}<\/style><h2 class=\"elementor-heading-title elementor-size-default\">Pol\u00edtica de Utiliza\u00e7\u00e3o de Cookies<\/h2>\t\t<\/div>\n\t\t\t\t<\/div>\n\t\t\t\t\t<\/div>\n\t\t\t\t<\/div>\n\t\t<div class=\"elementor-element elementor-element-d651f86 e-flex e-con-boxed wpr-particle-no wpr-jarallax-no wpr-parallax-no wpr-sticky-section-no e-con e-parent\" data-id=\"d651f86\" data-element_type=\"container\" data-settings=\"{&quot;content_width&quot;:&quot;boxed&quot;,&quot;_ha_eqh_enable&quot;:false}\" data-core-v316-plus=\"true\">\n\t\t\t\t\t<div class=\"e-con-inner\">\n\t\t\t\t<div class=\"elementor-element elementor-element-565f8d3 elementor-widget elementor-widget-text-editor\" data-id=\"565f8d3\" data-element_type=\"widget\" data-widget_type=\"text-editor.default\">\n\t\t\t\t<div class=\"elementor-widget-container\">\n\t\t\t<style>\/*! elementor - v3.18.0 - 20-12-2023 *\/\n.elementor-widget-text-editor.elementor-drop-cap-view-stacked .elementor-drop-cap{background-color:#69727d;color:#fff}.elementor-widget-text-editor.elementor-drop-cap-view-framed .elementor-drop-cap{color:#69727d;border:3px solid;background-color:transparent}.elementor-widget-text-editor:not(.elementor-drop-cap-view-default) .elementor-drop-cap{margin-top:8px}.elementor-widget-text-editor:not(.elementor-drop-cap-view-default) .elementor-drop-cap-letter{width:1em;height:1em}.elementor-widget-text-editor .elementor-drop-cap{float:left;text-align:center;line-height:1;font-size:50px}.elementor-widget-text-editor .elementor-drop-cap-letter{display:inline-block}<\/style>\t\t\t\t<p>Os cookies que utilizamos servem para melhorar a sua experi\u00eancia no nosso website.<\/p><p>O principal objetivo dos cookies \u00e9 simplificar e monitorizar a navega\u00e7\u00e3o de forma a permitir o bom funcionamento do website garantindo uma liga\u00e7\u00e3o segura, bem como personalizar a sua visita e dar acesso a funcionalidades das redes sociais.<\/p><p>Para este efeito, o utilizador \u00e9 reconhecido sempre que acede ao website, eliminando a necessidade de introduzir repetidamente as mesmas informa\u00e7\u00f5es e, deste modo, permitindo uma navega\u00e7\u00e3o mais r\u00e1pida, eficiente e com melhor qualidade, permitindo \u00e0 JP Cr\u00e9dito e Seguros (Dicas Vitoriosas Unipessoal, Lda., recolher informa\u00e7\u00f5es que permitem melhorar a experi\u00eancia no website.<\/p><p>Sem os cookies, a navega\u00e7\u00e3o no website, a visualiza\u00e7\u00e3o correta dos conte\u00fados ou a realiza\u00e7\u00e3o de a\u00e7\u00f5es pode ficar comprometida.<\/p><p><b>1. O que \u00e9 um cookie?<\/b><br \/>Um cookie \u00e9 um pequeno ficheiro de texto que \u00e9 colocado no seu dispositivo com a sua permiss\u00e3o e que pode ser utilizado para v\u00e1rias finalidades diferentes.<br \/>Pode bloquear ou remover cookies atrav\u00e9s do seu browser da Internet ou de um software de terceiros, mas poder\u00e3o existir problemas com a utiliza\u00e7\u00e3o de determinadas p\u00e1ginas do website caso o fa\u00e7a.<br \/>Ao continuar a utilizar o website, est\u00e1 a concordar com a utiliza\u00e7\u00e3o de cookies.<\/p><p><b>2. Qual a finalidade dos cookies no nosso website?<\/b><br \/>Os cookies t\u00eam imensas funcionalidades diferentes. Servem para lembrar das suas prefer\u00eancias (determinados processos sejam mais f\u00e1ceis de preencher \u2013 detalhes de contacto), recolher informa\u00e7\u00f5es an\u00f3nimas de utiliza\u00e7\u00e3o, lembrar de que visitou o website para os publicit\u00e1rios online poderem utilizar estas informa\u00e7\u00f5es para personalizar as suas mensagens.<br \/>Contudo, pode bloquear ou remover cookies em qualquer momento e as informa\u00e7\u00f5es armazenadas s\u00e3o removidas de forma permanente.<\/p><p><b>3. Recursos de publicidade do Google Analytics:<\/b><br \/>O Google Analytics \u00e9 uma ferramenta de an\u00e1lise Web que ajuda os propriet\u00e1rios de websites a perceber a intera\u00e7\u00e3o dos utilizadores com o website para que possam melhor\u00e1-lo.<br \/>Os recursos do Google Analytics permitem a an\u00e1lise da sua navega\u00e7\u00e3o para melhorar a sua experi\u00eancia, bem como criar listas de remarketing, de forma a ajudar a fornecer an\u00fancios relevantes com base na sua experi\u00eancia neste website.<br \/>Podemos recolher informa\u00e7\u00f5es sobre o seu dispositivo, incluindo o seu endere\u00e7o de IP, o sistema operativo e o tipo de navegador, para administra\u00e7\u00e3o do sistema e cria\u00e7\u00e3o de relat\u00f3rios, sendo que se tratam de dados estat\u00edsticos sobre as a\u00e7\u00f5es e padr\u00f5es de navega\u00e7\u00e3o, n\u00e3o identificando nenhum utilizador individualmente.<br \/>Os cookies cont\u00eam informa\u00e7\u00f5es que s\u00e3o transferidas para o disco r\u00edgido do seu dispositivo. Esses cookies s\u00e3o usados para armazenar informa\u00e7\u00f5es, como o tempo em que a visita atual ocorreu, se j\u00e1 tinha visitado o website anteriormente e qual website \u00e9 que o encaminhou para o nosso website.<\/p><p><b>4. Desativar os Cookies:<\/b><br \/>O Google Analytics recolhe informa\u00e7\u00e3o de forma an\u00f3nima e relata tend\u00eancias do website sem identificar utilizadores individuais.<br \/>O utilizador pode desativar o Google Analytics sem afetar o modo como visita o website, podendo bloquear ou remover cookies atrav\u00e9s de seu navegador de internet ou se utilizar um software de terceiros, como o complemento do navegador de exclus\u00e3o do Google Analytics.<br \/>Alertamos, no entanto, que, neste \u00faltimo caso, poder\u00e1 verificar alguns constrangimentos na navega\u00e7\u00e3o no website e poder\u00e3o existir problemas com a utiliza\u00e7\u00e3o de determinadas p\u00e1ginas caso o fa\u00e7a.<\/p>\t\t\t\t\t\t<\/div>\n\t\t\t\t<\/div>\n\t\t\t\t\t<\/div>\n\t\t\t\t<\/div>\n\t\t\t\t\t\t\t<\/div>\n\t\t","protected":false},"excerpt":{"rendered":"<p>Pol\u00edtica de Utiliza\u00e7\u00e3o de Cookies Os cookies que utilizamos servem para melhorar a sua experi\u00eancia no nosso website. O principal objetivo dos cookies \u00e9 simplificar e monitorizar a navega\u00e7\u00e3o de forma a permitir o bom funcionamento do website garantindo uma liga\u00e7\u00e3o segura, bem como personalizar a sua visita e dar acesso a funcionalidades das redes [&hellip;]<\/p>\n","protected":false},"author":1,"featured_media":44,"parent":0,"menu_order":0,"comment_status":"closed","ping_status":"closed","template":"elementor_canvas","meta":{"footnotes":""},"class_list":["post-31","page","type-page","status-publish","has-post-thumbnail","hentry"],"yoast_head":"<!-- This site is optimized with the Yoast SEO plugin v21.9 - https:\/\/yoast.com\/wordpress\/plugins\/seo\/ -->\n<title>Pol\u00edtica de Utiliza\u00e7\u00e3o de Cookies - JP Cr\u00e9dito e Seguros<\/title>\n<meta name=\"description\" content=\"Conhe\u00e7a a nossa Pol\u00edtica de utiliza\u00e7\u00e3o de cookies para que possa usufruir dos nossos servi\u00e7os de forma informada.\" \/>\n<meta name=\"robots\" content=\"index, follow, max-snippet:-1, max-image-preview:large, max-video-preview:-1\" \/>\n<link rel=\"canonical\" href=\"https:\/\/dev.apollotec.pt\/jpcredito\/politica-de-utilizacao-de-cookies\/\" \/>\n<meta property=\"og:locale\" content=\"pt_PT\" \/>\n<meta property=\"og:type\" content=\"article\" \/>\n<meta property=\"og:title\" content=\"Pol\u00edtica de Utiliza\u00e7\u00e3o de Cookies - JP Cr\u00e9dito e Seguros\" \/>\n<meta property=\"og:description\" content=\"Conhe\u00e7a a nossa Pol\u00edtica de utiliza\u00e7\u00e3o de cookies para que possa usufruir dos nossos servi\u00e7os de forma informada.\" \/>\n<meta property=\"og:url\" content=\"https:\/\/dev.apollotec.pt\/jpcredito\/politica-de-utilizacao-de-cookies\/\" \/>\n<meta property=\"og:site_name\" content=\"JP Cr\u00e9dito e Seguros\" \/>\n<meta property=\"article:modified_time\" content=\"2024-01-29T23:06:59+00:00\" \/>\n<meta property=\"og:image\" content=\"https:\/\/dev.apollotec.pt\/jpcredito\/wp-content\/uploads\/2023\/10\/cropped-jp-credito-e-seguros-intermediario-de-credito-removebg-preview.png\" \/>\n\t<meta property=\"og:image:width\" content=\"512\" \/>\n\t<meta property=\"og:image:height\" content=\"512\" \/>\n\t<meta property=\"og:image:type\" content=\"image\/png\" \/>\n<meta name=\"twitter:card\" content=\"summary_large_image\" \/>\n<meta name=\"twitter:label1\" content=\"Tempo estimado de leitura\" \/>\n\t<meta name=\"twitter:data1\" content=\"3 minutos\" \/>\n<script type=\"application\/ld+json\" class=\"yoast-schema-graph\">{\"@context\":\"https:\/\/schema.org\",\"@graph\":[{\"@type\":\"WebPage\",\"@id\":\"https:\/\/dev.apollotec.pt\/jpcredito\/politica-de-utilizacao-de-cookies\/\",\"url\":\"https:\/\/dev.apollotec.pt\/jpcredito\/politica-de-utilizacao-de-cookies\/\",\"name\":\"Pol\u00edtica de Utiliza\u00e7\u00e3o de Cookies - JP Cr\u00e9dito e Seguros\",\"isPartOf\":{\"@id\":\"https:\/\/dev.apollotec.pt\/jpcredito\/#website\"},\"datePublished\":\"2023-11-15T10:46:41+00:00\",\"dateModified\":\"2024-01-29T23:06:59+00:00\",\"description\":\"Conhe\u00e7a a nossa Pol\u00edtica de utiliza\u00e7\u00e3o de cookies para que possa usufruir dos nossos servi\u00e7os de forma informada.\",\"breadcrumb\":{\"@id\":\"https:\/\/dev.apollotec.pt\/jpcredito\/politica-de-utilizacao-de-cookies\/#breadcrumb\"},\"inLanguage\":\"pt-PT\",\"potentialAction\":[{\"@type\":\"ReadAction\",\"target\":[\"https:\/\/dev.apollotec.pt\/jpcredito\/politica-de-utilizacao-de-cookies\/\"]}]},{\"@type\":\"BreadcrumbList\",\"@id\":\"https:\/\/dev.apollotec.pt\/jpcredito\/politica-de-utilizacao-de-cookies\/#breadcrumb\",\"itemListElement\":[{\"@type\":\"ListItem\",\"position\":1,\"name\":\"Home\",\"item\":\"https:\/\/dev.apollotec.pt\/jpcredito\/\"},{\"@type\":\"ListItem\",\"position\":2,\"name\":\"Pol\u00edtica de Utiliza\u00e7\u00e3o de Cookies\"}]},{\"@type\":\"WebSite\",\"@id\":\"https:\/\/dev.apollotec.pt\/jpcredito\/#website\",\"url\":\"https:\/\/dev.apollotec.pt\/jpcredito\/\",\"name\":\"JP Cr\u00e9dito e Seguros\",\"description\":\"\",\"publisher\":{\"@id\":\"https:\/\/dev.apollotec.pt\/jpcredito\/#organization\"},\"potentialAction\":[{\"@type\":\"SearchAction\",\"target\":{\"@type\":\"EntryPoint\",\"urlTemplate\":\"https:\/\/dev.apollotec.pt\/jpcredito\/?s={search_term_string}\"},\"query-input\":\"required name=search_term_string\"}],\"inLanguage\":\"pt-PT\"},{\"@type\":\"Organization\",\"@id\":\"https:\/\/dev.apollotec.pt\/jpcredito\/#organization\",\"name\":\"JP Cr\u00e9dito e Seguros\",\"url\":\"https:\/\/dev.apollotec.pt\/jpcredito\/\",\"logo\":{\"@type\":\"ImageObject\",\"inLanguage\":\"pt-PT\",\"@id\":\"https:\/\/dev.apollotec.pt\/jpcredito\/#\/schema\/logo\/image\/\",\"url\":\"https:\/\/dev.apollotec.pt\/jpcredito\/wp-content\/uploads\/2023\/10\/cropped-jp-credito-e-seguros-intermediario-de-credito-removebg-preview.png\",\"contentUrl\":\"https:\/\/dev.apollotec.pt\/jpcredito\/wp-content\/uploads\/2023\/10\/cropped-jp-credito-e-seguros-intermediario-de-credito-removebg-preview.png\",\"width\":512,\"height\":512,\"caption\":\"JP Cr\u00e9dito e Seguros\"},\"image\":{\"@id\":\"https:\/\/dev.apollotec.pt\/jpcredito\/#\/schema\/logo\/image\/\"}}]}<\/script>\n<!-- \/ Yoast SEO plugin. -->","yoast_head_json":{"title":"Pol\u00edtica de Utiliza\u00e7\u00e3o de Cookies - JP Cr\u00e9dito e Seguros","description":"Conhe\u00e7a a nossa Pol\u00edtica de utiliza\u00e7\u00e3o de cookies para que possa usufruir dos nossos servi\u00e7os de forma informada.","robots":{"index":"index","follow":"follow","max-snippet":"max-snippet:-1","max-image-preview":"max-image-preview:large","max-video-preview":"max-video-preview:-1"},"canonical":"https:\/\/dev.apollotec.pt\/jpcredito\/politica-de-utilizacao-de-cookies\/","og_locale":"pt_PT","og_type":"article","og_title":"Pol\u00edtica de Utiliza\u00e7\u00e3o de Cookies - JP Cr\u00e9dito e Seguros","og_description":"Conhe\u00e7a a nossa Pol\u00edtica de utiliza\u00e7\u00e3o de cookies para que possa usufruir dos nossos servi\u00e7os de forma informada.","og_url":"https:\/\/dev.apollotec.pt\/jpcredito\/politica-de-utilizacao-de-cookies\/","og_site_name":"JP Cr\u00e9dito e Seguros","article_modified_time":"2024-01-29T23:06:59+00:00","og_image":[{"width":512,"height":512,"url":"https:\/\/dev.apollotec.pt\/jpcredito\/wp-content\/uploads\/2023\/10\/cropped-jp-credito-e-seguros-intermediario-de-credito-removebg-preview.png","type":"image\/png"}],"twitter_card":"summary_large_image","twitter_misc":{"Tempo estimado de leitura":"3 minutos"},"schema":{"@context":"https:\/\/schema.org","@graph":[{"@type":"WebPage","@id":"https:\/\/dev.apollotec.pt\/jpcredito\/politica-de-utilizacao-de-cookies\/","url":"https:\/\/dev.apollotec.pt\/jpcredito\/politica-de-utilizacao-de-cookies\/","name":"Pol\u00edtica de Utiliza\u00e7\u00e3o de Cookies - JP Cr\u00e9dito e Seguros","isPartOf":{"@id":"https:\/\/dev.apollotec.pt\/jpcredito\/#website"},"datePublished":"2023-11-15T10:46:41+00:00","dateModified":"2024-01-29T23:06:59+00:00","description":"Conhe\u00e7a a nossa Pol\u00edtica de utiliza\u00e7\u00e3o de cookies para que possa usufruir dos nossos servi\u00e7os de forma informada.","breadcrumb":{"@id":"https:\/\/dev.apollotec.pt\/jpcredito\/politica-de-utilizacao-de-cookies\/#breadcrumb"},"inLanguage":"pt-PT","potentialAction":[{"@type":"ReadAction","target":["https:\/\/dev.apollotec.pt\/jpcredito\/politica-de-utilizacao-de-cookies\/"]}]},{"@type":"BreadcrumbList","@id":"https:\/\/dev.apollotec.pt\/jpcredito\/politica-de-utilizacao-de-cookies\/#breadcrumb","itemListElement":[{"@type":"ListItem","position":1,"name":"Home","item":"https:\/\/dev.apollotec.pt\/jpcredito\/"},{"@type":"ListItem","position":2,"name":"Pol\u00edtica de Utiliza\u00e7\u00e3o de Cookies"}]},{"@type":"WebSite","@id":"https:\/\/dev.apollotec.pt\/jpcredito\/#website","url":"https:\/\/dev.apollotec.pt\/jpcredito\/","name":"JP Cr\u00e9dito e Seguros","description":"","publisher":{"@id":"https:\/\/dev.apollotec.pt\/jpcredito\/#organization"},"potentialAction":[{"@type":"SearchAction","target":{"@type":"EntryPoint","urlTemplate":"https:\/\/dev.apollotec.pt\/jpcredito\/?s={search_term_string}"},"query-input":"required name=search_term_string"}],"inLanguage":"pt-PT"},{"@type":"Organization","@id":"https:\/\/dev.apollotec.pt\/jpcredito\/#organization","name":"JP Cr\u00e9dito e Seguros","url":"https:\/\/dev.apollotec.pt\/jpcredito\/","logo":{"@type":"ImageObject","inLanguage":"pt-PT","@id":"https:\/\/dev.apollotec.pt\/jpcredito\/#\/schema\/logo\/image\/","url":"https:\/\/dev.apollotec.pt\/jpcredito\/wp-content\/uploads\/2023\/10\/cropped-jp-credito-e-seguros-intermediario-de-credito-removebg-preview.png","contentUrl":"https:\/\/dev.apollotec.pt\/jpcredito\/wp-content\/uploads\/2023\/10\/cropped-jp-credito-e-seguros-intermediario-de-credito-removebg-preview.png","width":512,"height":512,"caption":"JP Cr\u00e9dito e Seguros"},"image":{"@id":"https:\/\/dev.apollotec.pt\/jpcredito\/#\/schema\/logo\/image\/"}}]}},"_links":{"self":[{"href":"https:\/\/dev.apollotec.pt\/jpcredito\/wp-json\/wp\/v2\/pages\/31","targetHints":{"allow":["GET"]}}],"collection":[{"href":"https:\/\/dev.apollotec.pt\/jpcredito\/wp-json\/wp\/v2\/pages"}],"about":[{"href":"https:\/\/dev.apollotec.pt\/jpcredito\/wp-json\/wp\/v2\/types\/page"}],"author":[{"embeddable":true,"href":"https:\/\/dev.apollotec.pt\/jpcredito\/wp-json\/wp\/v2\/users\/1"}],"replies":[{"embeddable":true,"href":"https:\/\/dev.apollotec.pt\/jpcredito\/wp-json\/wp\/v2\/comments?post=31"}],"version-history":[{"count":8,"href":"https:\/\/dev.apollotec.pt\/jpcredito\/wp-json\/wp\/v2\/pages\/31\/revisions"}],"predecessor-version":[{"id":9498,"href":"https:\/\/dev.apollotec.pt\/jpcredito\/wp-json\/wp\/v2\/pages\/31\/revisions\/9498"}],"wp:featuredmedia":[{"embeddable":true,"href":"https:\/\/dev.apollotec.pt\/jpcredito\/wp-json\/wp\/v2\/media\/44"}],"wp:attachment":[{"href":"https:\/\/dev.apollotec.pt\/jpcredito\/wp-json\/wp\/v2\/media?parent=31"}],"curies":[{"name":"wp","href":"https:\/\/api.w.org\/{rel}","templated":true}]}}