{"id":1083,"date":"2024-01-24T08:57:03","date_gmt":"2024-01-24T08:57:03","guid":{"rendered":"https:\/\/dev.apollotec.pt\/jpcredito\/?page_id=1083"},"modified":"2024-01-29T23:12:43","modified_gmt":"2024-01-29T23:12:43","slug":"tratamento-de-dados","status":"publish","type":"page","link":"https:\/\/dev.apollotec.pt\/jpcredito\/tratamento-de-dados\/","title":{"rendered":"Tratamento de Dados"},"content":{"rendered":"\t\t<div data-elementor-type=\"wp-page\" data-elementor-id=\"1083\" class=\"elementor elementor-1083\" data-elementor-post-type=\"page\">\n\t\t\t\t\t\t\t<div class=\"elementor-element elementor-element-0ff1841 e-flex e-con-boxed wpr-particle-no wpr-jarallax-no wpr-parallax-no wpr-sticky-section-no e-con e-parent\" data-id=\"0ff1841\" data-element_type=\"container\" data-settings=\"{&quot;content_width&quot;:&quot;boxed&quot;,&quot;_ha_eqh_enable&quot;:false}\" data-core-v316-plus=\"true\">\n\t\t\t\t\t<div class=\"e-con-inner\">\n\t\t\t\t<div class=\"elementor-element elementor-element-3bb883e elementor-widget elementor-widget-heading\" data-id=\"3bb883e\" data-element_type=\"widget\" data-widget_type=\"heading.default\">\n\t\t\t\t<div class=\"elementor-widget-container\">\n\t\t\t<style>\/*! elementor - v3.18.0 - 20-12-2023 *\/\n.elementor-heading-title{padding:0;margin:0;line-height:1}.elementor-widget-heading .elementor-heading-title[class*=elementor-size-]>a{color:inherit;font-size:inherit;line-height:inherit}.elementor-widget-heading .elementor-heading-title.elementor-size-small{font-size:15px}.elementor-widget-heading .elementor-heading-title.elementor-size-medium{font-size:19px}.elementor-widget-heading .elementor-heading-title.elementor-size-large{font-size:29px}.elementor-widget-heading .elementor-heading-title.elementor-size-xl{font-size:39px}.elementor-widget-heading .elementor-heading-title.elementor-size-xxl{font-size:59px}<\/style><h2 class=\"elementor-heading-title elementor-size-default\">Pol\u00edtica de Privacidade e Tratamento de Dados Pessoais<\/h2>\t\t<\/div>\n\t\t\t\t<\/div>\n\t\t\t\t\t<\/div>\n\t\t\t\t<\/div>\n\t\t<div class=\"elementor-element elementor-element-d651f86 e-flex e-con-boxed wpr-particle-no wpr-jarallax-no wpr-parallax-no wpr-sticky-section-no e-con e-parent\" data-id=\"d651f86\" data-element_type=\"container\" data-settings=\"{&quot;content_width&quot;:&quot;boxed&quot;,&quot;_ha_eqh_enable&quot;:false}\" data-core-v316-plus=\"true\">\n\t\t\t\t\t<div class=\"e-con-inner\">\n\t\t\t\t<div class=\"elementor-element elementor-element-565f8d3 elementor-widget elementor-widget-text-editor\" data-id=\"565f8d3\" data-element_type=\"widget\" data-widget_type=\"text-editor.default\">\n\t\t\t\t<div class=\"elementor-widget-container\">\n\t\t\t<style>\/*! elementor - v3.18.0 - 20-12-2023 *\/\n.elementor-widget-text-editor.elementor-drop-cap-view-stacked .elementor-drop-cap{background-color:#69727d;color:#fff}.elementor-widget-text-editor.elementor-drop-cap-view-framed .elementor-drop-cap{color:#69727d;border:3px solid;background-color:transparent}.elementor-widget-text-editor:not(.elementor-drop-cap-view-default) .elementor-drop-cap{margin-top:8px}.elementor-widget-text-editor:not(.elementor-drop-cap-view-default) .elementor-drop-cap-letter{width:1em;height:1em}.elementor-widget-text-editor .elementor-drop-cap{float:left;text-align:center;line-height:1;font-size:50px}.elementor-widget-text-editor .elementor-drop-cap-letter{display:inline-block}<\/style>\t\t\t\t<p>A JP Cr\u00e9dito e Seguros (Dicas Vitoriosas Unipessoal, Lda. com o capital social de 5.000,00\u20ac), NIPC 5016 044 290, matriculada na Conservat\u00f3ria do Registo Comercial de Coimbra sob o mesmo n\u00famero, com sede na Rua de Air\u00e3o n.\u00ba38, 4990-684 Poiares Ponte de Lima e website em www.jpcreditoeseguros.pt, autorizada e supervisionada pelo Banco de Portugal (BdP), sediado na Rua do Com\u00e9rcio, 148, 1100-060 Lisboa, \u00e9 respons\u00e1vel pelo tratamento de todos os dados pessoais recolhidos atrav\u00e9s do website www.jpcreditoeseguros.pt.<\/p>\n<p>O website www.jpcreditoeseguros.pt respons\u00e1vel pelos produtos e servi\u00e7os disponibilizados no mesmo, garante total respeito e prote\u00e7\u00e3o da privacidade e da seguran\u00e7a dos dados dos utilizadores no que se refere a qualquer informa\u00e7\u00e3o que possa recolher no presente website.<\/p>\n<p><\/p>\n<p><strong>1.\u00ba FINALIDADE<\/strong><\/p>\n<p>Os dados pessoais do cliente s\u00e3o recolhidos de forma licita, leal e transparente, considerando que o seu tratamento \u00e9 necess\u00e1rio e indispens\u00e1vel para a realiza\u00e7\u00e3o do servi\u00e7o que nos incumbe, nomeadamente a intermedia\u00e7\u00e3o de cr\u00e9ditos diversos e a media\u00e7\u00e3o de seguros, bem como para o cumprimento das obriga\u00e7\u00f5es legais enquanto intermedi\u00e1rios de cr\u00e9dito e\/ou mediadores de seguros. Deste modo, o cliente reconhece e aceita que, sem o acesso aos dados pessoais recolhidos, a presta\u00e7\u00e3o deste servi\u00e7o n\u00e3o \u00e9 poss\u00edvel.<\/p>\n<p>O cliente declara expressa, livremente e de forma informada que autoriza a recolha e atualiza\u00e7\u00e3o dos seus dados na base de dados da Dicas Vitoriosas \u2013 Unipessoal Lda., e outras que se encontram abaixo listadas com as seguintes finalidades:<\/p>\n<ul>\n<li>Gest\u00e3o de clientes;<\/li>\n<li>Contratualiza\u00e7\u00e3o e\/ou altera\u00e7\u00e3o de cr\u00e9ditos;<\/li>\n<li>Realiza\u00e7\u00e3o e\/ou altera\u00e7\u00e3o de seguros;<\/li>\n<li>Divulga\u00e7\u00e3o de produtos, servi\u00e7os e campanhas, no \u00e2mbito das atividades desenvolvidas pela Dicas Vitoriosas \u2013 Unipessoal Lda.;<\/li>\n<li>Gest\u00e3o de Sinistros;<\/li>\n<\/ul>\n<p>O Consentimento referido \u00e9 dado atrav\u00e9s de assinatura do presente documento.<\/p>\n<p>A recolha de dados de crian\u00e7as \u00e9 efetuada de forma licita sempre que as mesmas tenham idade superior a 16 anos. Nos restantes casos, o respons\u00e1vel pelo tratamento n\u00e3o efetuar\u00e1 qualquer recolha a menos que tal seja expressamente autorizado pelo titular das responsabilidades parentais da crian\u00e7a e devidamente comprovado.<\/p>\n<p>Os dados facultados e por n\u00f3s consentidamente recolhidos ser\u00e3o conservados pelo per\u00edodo de tempo necess\u00e1rio \u00e0 finalidade que justificou a sua recolha e de modo a dar cumprimento \u00e0s obriga\u00e7\u00f5es legais ou at\u00e9 ao que se verifique decorrido o tempo necess\u00e1rio para garantir o exerc\u00edcio dos direitos de oposi\u00e7\u00e3o, retifica\u00e7\u00e3o e apagamento.<\/p>\n<p><\/p>\n<p><strong>2.\u00ba LEGITIMIDADE<\/strong><\/p>\n<p>A legitimidade para o tratamento de dados recolhidos \u00e9 atribu\u00edda pelo consentimento do cliente colocando o visto em autorizo, aquando o pedido feito no nosso site, que \u00e9 efetuado de forma livre, especifica, informada e expl\u00edcita.<\/p>\n<p><\/p>\n<p><strong>3.\u00ba DESTINAT\u00c1RIOS DOS DADOS<\/strong><\/p>\n<p>A Dicas Vitoriosas \u2013 Unipessoal Lda. Identifica, na presente data, como destinat\u00e1rios dos dados recolhidos de forma consentida e destinados \u00e0s finalidades acima referidas os seguintes tipos de parceiros\/fornecedores:<\/p>\n<ul>\n<li>Entidades Banc\u00e1rias e Financeiras (NOVO BANCO, SA \u2013 www.novobanco.pt, CAIXA GERAL DE DEP\u00d3SITOS, SA \u2013 www.cgd.pt, BANCO BPI, SA \u2013 www.bancobpi.pt, BANCO CTT, SA \u2013 www.bancoctt.pt, BANCO SANTANDER TOTTA, SA \u2013 www.santander.pt, BANCO BIC PORTUGUES, SA \u2013 www.eurobic.pt), MONTEPIO CR\u00c9DITO \u2013 INSTITUI\u00c7\u00c3O FINANCEIRA DE CR\u00c9DITO, SA \u2013 www.montepiocredito.pt;<\/li>\n<li>Entidades Seguradoras;<\/li>\n<li>Dicas Vitoriosas \u2013 Unipessoal Lda.<\/li>\n<\/ul>\n<p>A Dicas Vitoriosas \u2013 Unipessoal Lda. Procura, dentro do poss\u00edvel, que a transfer\u00eancia de dados para terceiros apenas ocorra quando estes garantam que adotam medidas t\u00e9cnicas e organizativas adequadas \u00e0 prote\u00e7\u00e3o de dados e direitos do titular e \u00e0 garantia do cumprimento das obriga\u00e7\u00f5es legais no que \u00e0 prote\u00e7\u00e3o de dados diz respeito.<\/p>\n<p><\/p>\n<p>Ap\u00f3s a comunica\u00e7\u00e3o dos dados pessoais pelo Intermedi\u00e1rio de Cr\u00e9dito Vinculado \u00e0s Institui\u00e7\u00f5es Banc\u00e1rias parceiras, estas atuam como Respons\u00e1vel pelo Tratamento dos dados pessoais, os quais ser\u00e3o alvo de tratamento automatizado e n\u00e3o automatizado, para as finalidades de an\u00e1lise e apresenta\u00e7\u00e3o de proposta de cr\u00e9dito e celebra\u00e7\u00e3o do respetivo contrato.<\/p>\n<p><\/p>\n<p>Para obter mais informa\u00e7\u00f5es sobre a forma como cada uma das Institui\u00e7\u00f5es Banc\u00e1rias parceiras trata os seus dados pessoais, poder\u00e1 consultar as respetivas Pol\u00edticas de Privacidade ou solicitar mais informa\u00e7\u00f5es diretamente junto destas.<\/p>\n<p>Os seus dados pessoais ser\u00e3o conservados pelo Intermedi\u00e1rio de Cr\u00e9dito Vinculado e pelas Institui\u00e7\u00f5es Banc\u00e1rias parceiras aos quais os seus dados forem transmitidos, durante o per\u00edodo de tempo necess\u00e1rio ao cumprimento das finalidades de tratamento acima referidas e pelos prazos necess\u00e1rios para o cumprimento de obriga\u00e7\u00f5es legais, ap\u00f3s os quais ser\u00e3o eliminados ou anonimizados.<\/p>\n<p><\/p>\n<p><strong>4.\u00ba TEMPO DE CONSERVA\u00c7\u00c3O<\/strong><\/p>\n<p>O per\u00edodo de tempo durante o qual os dados s\u00e3o armazenados e conservados varia de acordo com a finalidade para a qual a informa\u00e7\u00e3o \u00e9 tratada e de acordo com as obriga\u00e7\u00f5es e requisitos legais eventualmente aplic\u00e1veis, e que obriguem a conservar os dados por um per\u00edodo de tempo m\u00ednimo.<\/p>\n<p>Assim, e sempre que n\u00e3o exista uma obriga\u00e7\u00e3o legal espec\u00edfica, os dados ser\u00e3o armazenados e conservados apenas pelo per\u00edodo m\u00ednimo necess\u00e1rio para as finalidades que motivaram a sua recolha ou o seu posterior tratamento, findo o qual os mesmos ser\u00e3o eliminados.<\/p>\n<p><\/p>\n<p><strong>5.\u00ba DIREITOS DOS TITULARES DOS DADOS<\/strong><\/p>\n<p>O cliente, sendo titular dos dados, tem direito a aceder gratuitamente a todos os seus dados. Tem, ainda, o direito de exigir a sua limita\u00e7\u00e3o, retifica\u00e7\u00e3o, oposi\u00e7\u00e3o ou apagamento nos limites legais impostos.<\/p>\n<p>O cliente, enquanto titular dos dados, tem tamb\u00e9m, o direito de retirar o seu consentimento para o tratamento dos dados em qualquer momento. Esta altera\u00e7\u00e3o do consentimento n\u00e3o compromete a licitude do tratamento efetuado com base no consentimento anteriormente dado.<\/p>\n<p><\/p>\n<p>Nos termos do Regulamento Geral sobre a Prote\u00e7\u00e3o de Dados, os titulares de dados pessoais, podem ainda exercer os seus direitos de acesso, retifica\u00e7\u00e3o e apagamento, junto das Institui\u00e7\u00f5es Banc\u00e1rias parceiras com as quais o Intermedi\u00e1rio de Cr\u00e9dito Vinculado partilhou os seus dados pessoais. Caso pretenda faz\u00ea-lo, dever\u00e1 endere\u00e7ar o seu pedido ao Encarregado da Prote\u00e7\u00e3o de Dados (EPO) da Institui\u00e7\u00e3o Banc\u00e1ria visada ou atrav\u00e9s de qualquer outro canal disponibilizado por esta para o efeito.<\/p>\n<p>Os titulares de dados pessoais, t\u00eam ainda o direito de apresentar reclama\u00e7\u00f5es junto da Comiss\u00e3o Nacional da Prote\u00e7\u00e3o de Dados.<\/p>\n<p><\/p>\n<p>Para quaisquer informa\u00e7\u00f5es adicionais ou quest\u00f5es relativas a esta pol\u00edtica de privacidade e aspetos de privacidade dos nossos produtos e servi\u00e7os, poder\u00e1 contactar a JP Cr\u00e9dito e Seguros (intermedi\u00e1rio de cr\u00e9dito e mediador de seguros) atrav\u00e9s das seguintes vias: Servi\u00e7o de Clientes, Telem\u00f3vel: 96 78 91 299, E-mail: geral@jpcreditoeseguros.pt. Morada: Rua Agostinho Jos\u00e9 Taveira, 298, 4990-072 Arca e Ponte de Lima.<\/p>\n<p>Para saber mais sobre os cookies e como s\u00e3o utilizados, consulte a nossa <a href=\"https:\/\/www.jpcreditoeseguros.pt\/politica-de-utilizacao-de-cookies\/\"><span style=\"color: red;\">Pol\u00edtica de Utiliza\u00e7\u00e3o de Cookies<\/span><\/a><a class=\"clean-link\" href=\"https:\/\/www.amco.pt\/politica-de-utilizacao-cookies\">.<\/a><\/p>\t\t\t\t\t\t<\/div>\n\t\t\t\t<\/div>\n\t\t\t\t\t<\/div>\n\t\t\t\t<\/div>\n\t\t\t\t\t\t\t<\/div>\n\t\t","protected":false},"excerpt":{"rendered":"<p>Pol\u00edtica de Privacidade e Tratamento de Dados Pessoais A JP Cr\u00e9dito e Seguros (Dicas Vitoriosas Unipessoal, Lda. com o capital social de 5.000,00\u20ac), NIPC 5016 044 290, matriculada na Conservat\u00f3ria do Registo Comercial de Coimbra sob o mesmo n\u00famero, com sede na Rua de Air\u00e3o n.\u00ba38, 4990-684 Poiares Ponte de Lima e website em www.jpcreditoeseguros.pt, [&hellip;]<\/p>\n","protected":false},"author":1,"featured_media":44,"parent":0,"menu_order":0,"comment_status":"closed","ping_status":"closed","template":"elementor_canvas","meta":{"footnotes":""},"class_list":["post-1083","page","type-page","status-publish","has-post-thumbnail","hentry"],"yoast_head":"<!-- This site is optimized with the Yoast SEO plugin v21.9 - https:\/\/yoast.com\/wordpress\/plugins\/seo\/ -->\n<title>Tratamento de Dados - JP Cr\u00e9dito e Seguros<\/title>\n<meta name=\"description\" content=\"Conhe\u00e7a a nossa Pol\u00edtica de Privacidade e Tratamento de Dados Pessoais para que possa usufruir dos nossos servi\u00e7os de forma informada.\" \/>\n<meta name=\"robots\" content=\"index, follow, max-snippet:-1, max-image-preview:large, max-video-preview:-1\" \/>\n<link rel=\"canonical\" href=\"https:\/\/dev.apollotec.pt\/jpcredito\/tratamento-de-dados\/\" \/>\n<meta property=\"og:locale\" content=\"pt_PT\" \/>\n<meta property=\"og:type\" content=\"article\" \/>\n<meta property=\"og:title\" content=\"Tratamento de Dados - JP Cr\u00e9dito e Seguros\" \/>\n<meta property=\"og:description\" content=\"Conhe\u00e7a a nossa Pol\u00edtica de Privacidade e Tratamento de Dados Pessoais para que possa usufruir dos nossos servi\u00e7os de forma informada.\" \/>\n<meta property=\"og:url\" content=\"https:\/\/dev.apollotec.pt\/jpcredito\/tratamento-de-dados\/\" \/>\n<meta property=\"og:site_name\" content=\"JP Cr\u00e9dito e Seguros\" \/>\n<meta property=\"article:modified_time\" content=\"2024-01-29T23:12:43+00:00\" \/>\n<meta property=\"og:image\" content=\"https:\/\/dev.apollotec.pt\/jpcredito\/wp-content\/uploads\/2023\/10\/cropped-jp-credito-e-seguros-intermediario-de-credito-removebg-preview.png\" \/>\n\t<meta property=\"og:image:width\" content=\"512\" \/>\n\t<meta property=\"og:image:height\" content=\"512\" \/>\n\t<meta property=\"og:image:type\" content=\"image\/png\" \/>\n<meta name=\"twitter:card\" content=\"summary_large_image\" \/>\n<meta name=\"twitter:label1\" content=\"Tempo estimado de leitura\" \/>\n\t<meta name=\"twitter:data1\" content=\"6 minutos\" \/>\n<script type=\"application\/ld+json\" class=\"yoast-schema-graph\">{\"@context\":\"https:\/\/schema.org\",\"@graph\":[{\"@type\":\"WebPage\",\"@id\":\"https:\/\/dev.apollotec.pt\/jpcredito\/tratamento-de-dados\/\",\"url\":\"https:\/\/dev.apollotec.pt\/jpcredito\/tratamento-de-dados\/\",\"name\":\"Tratamento de Dados - JP Cr\u00e9dito e Seguros\",\"isPartOf\":{\"@id\":\"https:\/\/dev.apollotec.pt\/jpcredito\/#website\"},\"datePublished\":\"2024-01-24T08:57:03+00:00\",\"dateModified\":\"2024-01-29T23:12:43+00:00\",\"description\":\"Conhe\u00e7a a nossa Pol\u00edtica de Privacidade e Tratamento de Dados Pessoais para que possa usufruir dos nossos servi\u00e7os de forma informada.\",\"breadcrumb\":{\"@id\":\"https:\/\/dev.apollotec.pt\/jpcredito\/tratamento-de-dados\/#breadcrumb\"},\"inLanguage\":\"pt-PT\",\"potentialAction\":[{\"@type\":\"ReadAction\",\"target\":[\"https:\/\/dev.apollotec.pt\/jpcredito\/tratamento-de-dados\/\"]}]},{\"@type\":\"BreadcrumbList\",\"@id\":\"https:\/\/dev.apollotec.pt\/jpcredito\/tratamento-de-dados\/#breadcrumb\",\"itemListElement\":[{\"@type\":\"ListItem\",\"position\":1,\"name\":\"Home\",\"item\":\"https:\/\/dev.apollotec.pt\/jpcredito\/\"},{\"@type\":\"ListItem\",\"position\":2,\"name\":\"Tratamento de Dados\"}]},{\"@type\":\"WebSite\",\"@id\":\"https:\/\/dev.apollotec.pt\/jpcredito\/#website\",\"url\":\"https:\/\/dev.apollotec.pt\/jpcredito\/\",\"name\":\"JP Cr\u00e9dito e Seguros\",\"description\":\"\",\"publisher\":{\"@id\":\"https:\/\/dev.apollotec.pt\/jpcredito\/#organization\"},\"potentialAction\":[{\"@type\":\"SearchAction\",\"target\":{\"@type\":\"EntryPoint\",\"urlTemplate\":\"https:\/\/dev.apollotec.pt\/jpcredito\/?s={search_term_string}\"},\"query-input\":\"required name=search_term_string\"}],\"inLanguage\":\"pt-PT\"},{\"@type\":\"Organization\",\"@id\":\"https:\/\/dev.apollotec.pt\/jpcredito\/#organization\",\"name\":\"JP Cr\u00e9dito e Seguros\",\"url\":\"https:\/\/dev.apollotec.pt\/jpcredito\/\",\"logo\":{\"@type\":\"ImageObject\",\"inLanguage\":\"pt-PT\",\"@id\":\"https:\/\/dev.apollotec.pt\/jpcredito\/#\/schema\/logo\/image\/\",\"url\":\"https:\/\/dev.apollotec.pt\/jpcredito\/wp-content\/uploads\/2023\/10\/cropped-jp-credito-e-seguros-intermediario-de-credito-removebg-preview.png\",\"contentUrl\":\"https:\/\/dev.apollotec.pt\/jpcredito\/wp-content\/uploads\/2023\/10\/cropped-jp-credito-e-seguros-intermediario-de-credito-removebg-preview.png\",\"width\":512,\"height\":512,\"caption\":\"JP Cr\u00e9dito e Seguros\"},\"image\":{\"@id\":\"https:\/\/dev.apollotec.pt\/jpcredito\/#\/schema\/logo\/image\/\"}}]}<\/script>\n<!-- \/ Yoast SEO plugin. -->","yoast_head_json":{"title":"Tratamento de Dados - JP Cr\u00e9dito e Seguros","description":"Conhe\u00e7a a nossa Pol\u00edtica de Privacidade e Tratamento de Dados Pessoais para que possa usufruir dos nossos servi\u00e7os de forma informada.","robots":{"index":"index","follow":"follow","max-snippet":"max-snippet:-1","max-image-preview":"max-image-preview:large","max-video-preview":"max-video-preview:-1"},"canonical":"https:\/\/dev.apollotec.pt\/jpcredito\/tratamento-de-dados\/","og_locale":"pt_PT","og_type":"article","og_title":"Tratamento de Dados - JP Cr\u00e9dito e Seguros","og_description":"Conhe\u00e7a a nossa Pol\u00edtica de Privacidade e Tratamento de Dados Pessoais para que possa usufruir dos nossos servi\u00e7os de forma informada.","og_url":"https:\/\/dev.apollotec.pt\/jpcredito\/tratamento-de-dados\/","og_site_name":"JP Cr\u00e9dito e Seguros","article_modified_time":"2024-01-29T23:12:43+00:00","og_image":[{"width":512,"height":512,"url":"https:\/\/dev.apollotec.pt\/jpcredito\/wp-content\/uploads\/2023\/10\/cropped-jp-credito-e-seguros-intermediario-de-credito-removebg-preview.png","type":"image\/png"}],"twitter_card":"summary_large_image","twitter_misc":{"Tempo estimado de leitura":"6 minutos"},"schema":{"@context":"https:\/\/schema.org","@graph":[{"@type":"WebPage","@id":"https:\/\/dev.apollotec.pt\/jpcredito\/tratamento-de-dados\/","url":"https:\/\/dev.apollotec.pt\/jpcredito\/tratamento-de-dados\/","name":"Tratamento de Dados - JP Cr\u00e9dito e Seguros","isPartOf":{"@id":"https:\/\/dev.apollotec.pt\/jpcredito\/#website"},"datePublished":"2024-01-24T08:57:03+00:00","dateModified":"2024-01-29T23:12:43+00:00","description":"Conhe\u00e7a a nossa Pol\u00edtica de Privacidade e Tratamento de Dados Pessoais para que possa usufruir dos nossos servi\u00e7os de forma informada.","breadcrumb":{"@id":"https:\/\/dev.apollotec.pt\/jpcredito\/tratamento-de-dados\/#breadcrumb"},"inLanguage":"pt-PT","potentialAction":[{"@type":"ReadAction","target":["https:\/\/dev.apollotec.pt\/jpcredito\/tratamento-de-dados\/"]}]},{"@type":"BreadcrumbList","@id":"https:\/\/dev.apollotec.pt\/jpcredito\/tratamento-de-dados\/#breadcrumb","itemListElement":[{"@type":"ListItem","position":1,"name":"Home","item":"https:\/\/dev.apollotec.pt\/jpcredito\/"},{"@type":"ListItem","position":2,"name":"Tratamento de Dados"}]},{"@type":"WebSite","@id":"https:\/\/dev.apollotec.pt\/jpcredito\/#website","url":"https:\/\/dev.apollotec.pt\/jpcredito\/","name":"JP Cr\u00e9dito e Seguros","description":"","publisher":{"@id":"https:\/\/dev.apollotec.pt\/jpcredito\/#organization"},"potentialAction":[{"@type":"SearchAction","target":{"@type":"EntryPoint","urlTemplate":"https:\/\/dev.apollotec.pt\/jpcredito\/?s={search_term_string}"},"query-input":"required name=search_term_string"}],"inLanguage":"pt-PT"},{"@type":"Organization","@id":"https:\/\/dev.apollotec.pt\/jpcredito\/#organization","name":"JP Cr\u00e9dito e Seguros","url":"https:\/\/dev.apollotec.pt\/jpcredito\/","logo":{"@type":"ImageObject","inLanguage":"pt-PT","@id":"https:\/\/dev.apollotec.pt\/jpcredito\/#\/schema\/logo\/image\/","url":"https:\/\/dev.apollotec.pt\/jpcredito\/wp-content\/uploads\/2023\/10\/cropped-jp-credito-e-seguros-intermediario-de-credito-removebg-preview.png","contentUrl":"https:\/\/dev.apollotec.pt\/jpcredito\/wp-content\/uploads\/2023\/10\/cropped-jp-credito-e-seguros-intermediario-de-credito-removebg-preview.png","width":512,"height":512,"caption":"JP Cr\u00e9dito e Seguros"},"image":{"@id":"https:\/\/dev.apollotec.pt\/jpcredito\/#\/schema\/logo\/image\/"}}]}},"_links":{"self":[{"href":"https:\/\/dev.apollotec.pt\/jpcredito\/wp-json\/wp\/v2\/pages\/1083","targetHints":{"allow":["GET"]}}],"collection":[{"href":"https:\/\/dev.apollotec.pt\/jpcredito\/wp-json\/wp\/v2\/pages"}],"about":[{"href":"https:\/\/dev.apollotec.pt\/jpcredito\/wp-json\/wp\/v2\/types\/page"}],"author":[{"embeddable":true,"href":"https:\/\/dev.apollotec.pt\/jpcredito\/wp-json\/wp\/v2\/users\/1"}],"replies":[{"embeddable":true,"href":"https:\/\/dev.apollotec.pt\/jpcredito\/wp-json\/wp\/v2\/comments?post=1083"}],"version-history":[{"count":5,"href":"https:\/\/dev.apollotec.pt\/jpcredito\/wp-json\/wp\/v2\/pages\/1083\/revisions"}],"predecessor-version":[{"id":9503,"href":"https:\/\/dev.apollotec.pt\/jpcredito\/wp-json\/wp\/v2\/pages\/1083\/revisions\/9503"}],"wp:featuredmedia":[{"embeddable":true,"href":"https:\/\/dev.apollotec.pt\/jpcredito\/wp-json\/wp\/v2\/media\/44"}],"wp:attachment":[{"href":"https:\/\/dev.apollotec.pt\/jpcredito\/wp-json\/wp\/v2\/media?parent=1083"}],"curies":[{"name":"wp","href":"https:\/\/api.w.org\/{rel}","templated":true}]}}