{"id":1077,"date":"2024-01-24T08:55:19","date_gmt":"2024-01-24T08:55:19","guid":{"rendered":"https:\/\/dev.apollotec.pt\/jpcredito\/?page_id=1077"},"modified":"2024-01-29T22:38:18","modified_gmt":"2024-01-29T22:38:18","slug":"aviso-legal","status":"publish","type":"page","link":"https:\/\/dev.apollotec.pt\/jpcredito\/aviso-legal\/","title":{"rendered":"Aviso Legal"},"content":{"rendered":"\t\t<div data-elementor-type=\"wp-page\" data-elementor-id=\"1077\" class=\"elementor elementor-1077\" data-elementor-post-type=\"page\">\n\t\t\t\t\t\t\t<div class=\"elementor-element elementor-element-0ff1841 e-flex e-con-boxed wpr-particle-no wpr-jarallax-no wpr-parallax-no wpr-sticky-section-no e-con e-parent\" data-id=\"0ff1841\" data-element_type=\"container\" data-settings=\"{&quot;content_width&quot;:&quot;boxed&quot;,&quot;_ha_eqh_enable&quot;:false}\" data-core-v316-plus=\"true\">\n\t\t\t\t\t<div class=\"e-con-inner\">\n\t\t\t\t<div class=\"elementor-element elementor-element-3bb883e elementor-widget elementor-widget-heading\" data-id=\"3bb883e\" data-element_type=\"widget\" data-widget_type=\"heading.default\">\n\t\t\t\t<div class=\"elementor-widget-container\">\n\t\t\t<style>\/*! elementor - v3.18.0 - 20-12-2023 *\/\n.elementor-heading-title{padding:0;margin:0;line-height:1}.elementor-widget-heading .elementor-heading-title[class*=elementor-size-]>a{color:inherit;font-size:inherit;line-height:inherit}.elementor-widget-heading .elementor-heading-title.elementor-size-small{font-size:15px}.elementor-widget-heading .elementor-heading-title.elementor-size-medium{font-size:19px}.elementor-widget-heading .elementor-heading-title.elementor-size-large{font-size:29px}.elementor-widget-heading .elementor-heading-title.elementor-size-xl{font-size:39px}.elementor-widget-heading .elementor-heading-title.elementor-size-xxl{font-size:59px}<\/style><h2 class=\"elementor-heading-title elementor-size-default\">Intermedi\u00e1rio de cr\u00e9dito vinculado autorizado pelo Banco de Portugal, n\u00ba registo 0005975<\/h2>\t\t<\/div>\n\t\t\t\t<\/div>\n\t\t\t\t\t<\/div>\n\t\t\t\t<\/div>\n\t\t<div class=\"elementor-element elementor-element-d651f86 e-flex e-con-boxed wpr-particle-no wpr-jarallax-no wpr-parallax-no wpr-sticky-section-no e-con e-parent\" data-id=\"d651f86\" data-element_type=\"container\" data-settings=\"{&quot;content_width&quot;:&quot;boxed&quot;,&quot;_ha_eqh_enable&quot;:false}\" data-core-v316-plus=\"true\">\n\t\t\t\t\t<div class=\"e-con-inner\">\n\t\t\t\t<div class=\"elementor-element elementor-element-565f8d3 elementor-widget elementor-widget-text-editor\" data-id=\"565f8d3\" data-element_type=\"widget\" data-widget_type=\"text-editor.default\">\n\t\t\t\t<div class=\"elementor-widget-container\">\n\t\t\t<style>\/*! elementor - v3.18.0 - 20-12-2023 *\/\n.elementor-widget-text-editor.elementor-drop-cap-view-stacked .elementor-drop-cap{background-color:#69727d;color:#fff}.elementor-widget-text-editor.elementor-drop-cap-view-framed .elementor-drop-cap{color:#69727d;border:3px solid;background-color:transparent}.elementor-widget-text-editor:not(.elementor-drop-cap-view-default) .elementor-drop-cap{margin-top:8px}.elementor-widget-text-editor:not(.elementor-drop-cap-view-default) .elementor-drop-cap-letter{width:1em;height:1em}.elementor-widget-text-editor .elementor-drop-cap{float:left;text-align:center;line-height:1;font-size:50px}.elementor-widget-text-editor .elementor-drop-cap-letter{display:inline-block}<\/style>\t\t\t\t<p>Seguro de Responsabilidade Civil Intermedia\u00e7\u00e3o de Cr\u00e9dito (excepto Imobili\u00e1rio): Seguradora Allianz Portugal -Ap\u00f3lice 205854434, v\u00e1lida de 09-07-2021 a 09-07-2022<\/p><p>Seguro de Responsabilidade Civil Intermedia\u00e7\u00e3o de Cr\u00e9dito para Im\u00f3veis de Habita\u00e7\u00e3o: Seguradora Allianz Portugal -Ap\u00f3lice 205854448, v\u00e1lida de 09-07-2021 a 09-07-2022<\/p><p>Servi\u00e7os prestados:<br \/>Compreende a presta\u00e7\u00e3o dos seguintes servi\u00e7os relativamente a contratos de cr\u00e9dito abrangidos pelo disposto no Decreto-Lei n.\u00ba 74-A\/2017, de 23 de junho, e pelo disposto no Decreto-Lei n.\u00ba 133\/2009, de 2 de junho:<\/p><p>(a) Apresenta\u00e7\u00e3o ou proposta de contratos de cr\u00e9dito a consumidores;<\/p><p>(b) Assist\u00eancia a consumidores, mediante a realiza\u00e7\u00e3o de atos preparat\u00f3rios ou de outros trabalhos de gest\u00e3o pr\u00e9-contratual relativamente a contratos de cr\u00e9dito que n\u00e3o tenham sido por si apresentados ou propostos;<\/p><p>(c) Servi\u00e7os de Consultoria.<\/p><p>Mutu\u00e1rios vinculados:<br \/>NOVO BANCO, SA<br \/>CAIXA GERAL DE DEP\u00d3SITOS, SA<br \/>BANCO BPI, SA<br \/>BANCO CTT, SA<br \/>BANCO SANTANDER TOTTA, SA<br \/>BANCO BIC PORTUGU\u00caS, SA<br \/>MONTEPIO CR\u00c9DITO \u2013 INSTITUI\u00c7\u00c3O FINANCEIRA DE CR\u00c9DITO, SA<\/p><p>Poder\u00e1 consultar o nosso registo junto do Banco de Portugal clicando <a href=\"https:\/\/www.bportugal.pt\/intermediariocreditofar\/dicas-vitoriosas-unipessoal-lda\">neste link<\/a><\/p>\t\t\t\t\t\t<\/div>\n\t\t\t\t<\/div>\n\t\t\t\t\t<\/div>\n\t\t\t\t<\/div>\n\t\t<div class=\"elementor-element elementor-element-b174f1e e-flex e-con-boxed wpr-particle-no wpr-jarallax-no wpr-parallax-no wpr-sticky-section-no e-con e-parent\" data-id=\"b174f1e\" data-element_type=\"container\" data-settings=\"{&quot;content_width&quot;:&quot;boxed&quot;,&quot;_ha_eqh_enable&quot;:false}\" data-core-v316-plus=\"true\">\n\t\t\t\t\t<div class=\"e-con-inner\">\n\t\t\t\t<div class=\"elementor-element elementor-element-8580dda elementor-widget elementor-widget-heading\" data-id=\"8580dda\" data-element_type=\"widget\" data-widget_type=\"heading.default\">\n\t\t\t\t<div class=\"elementor-widget-container\">\n\t\t\t<h2 class=\"elementor-heading-title elementor-size-default\">Intermedi\u00e1rio de cr\u00e9dito vinculado autorizado pelo Banco de Portugal, n\u00ba registo 0005975<\/h2>\t\t<\/div>\n\t\t\t\t<\/div>\n\t\t\t\t\t<\/div>\n\t\t\t\t<\/div>\n\t\t<div class=\"elementor-element elementor-element-04671fe e-flex e-con-boxed wpr-particle-no wpr-jarallax-no wpr-parallax-no wpr-sticky-section-no e-con e-parent\" data-id=\"04671fe\" data-element_type=\"container\" data-settings=\"{&quot;content_width&quot;:&quot;boxed&quot;,&quot;_ha_eqh_enable&quot;:false}\" data-core-v316-plus=\"true\">\n\t\t\t\t\t<div class=\"e-con-inner\">\n\t\t\t\t<div class=\"elementor-element elementor-element-3897a1a elementor-widget elementor-widget-text-editor\" data-id=\"3897a1a\" data-element_type=\"widget\" data-widget_type=\"text-editor.default\">\n\t\t\t\t<div class=\"elementor-widget-container\">\n\t\t\t\t\t\t\t<p>Seguro de Responsabilidade Civil Profissional: Seguradora Liberty Seguros -Ap\u00f3lice 1014550920<\/p><p>Poder\u00e1 consultar o nosso registo junto da ASF clicando <a href=\"https:\/\/www.asf.com.pt\/NR\/exeres\/A015B07D-2EC7-49DF-9D7D-C79CF2BFA680.htm?search=239187191000194149001194147004195159099121125125096195160000093080081070022078094053094064089091070025068194145194158194149194148111048091087095070031194159&amp;ORIGINALGUID=%7b4B579C33-957A-4232-83EC-06B1EBDA404C%7d&amp;MediadorId=224681\">neste link<\/a>.<\/p><p>Reclama\u00e7\u00f5es, junto do intermedi\u00e1rio de cr\u00e9dito: <a href=\"mailto:geral@jpcreditoeseguros.pt\">geral@jpcreditoeseguros.pt<\/a> , atrav\u00e9s do livro de reclama\u00e7\u00f5es online e do Banco de Portugal <a href=\"http:\/\/www.clientebancario.bportugal.pt\">www.clientebancario.bportugal.pt<\/a>.Em caso de lit\u00edgio o consumidor pode recorrer a uma Entidade de Resolu\u00e7\u00e3o Alternativa de Lit\u00edgios de consumo:CIAB \u2013 Centro Informa\u00e7\u00e3o, Media\u00e7\u00e3o e Arbitragem de consumo | Rua D. Afonso Henriques, n.\u00ba 1 | 4700-030 Braga | geral@ciab.pt CICAP \u2013 Centro de Informa\u00e7\u00e3o e Arbitragem do Porto | Rua Dami\u00e3o de G\u00f3is, 31, Loja 6, 4050-225, Porto | cicap@cicap.pt<\/p><p>Como Intermedi\u00e1rio de Cr\u00e9dito Vinculado estamos vedados a receber ou entregar quaisquer valores relacionados com a forma\u00e7\u00e3o, a execu\u00e7\u00e3o e o cumprimento antecipado dos contratos de cr\u00e9dito, nos termos do artigo 46\u00ba. Exerc\u00edcio da atividade de intermedi\u00e1rio de cr\u00e9dito vinculado relativamente a contratos de cr\u00e9dito abrangidos pelo disposto no Decreto-Lei n.\u00ba 74-A\/2017, de 23 de junho e pelo disposto no Decreto-Lei n.\u00ba 133\/2009, de 2 de junho. No exerc\u00edcio da sua atividade, os intermedi\u00e1rios de cr\u00e9dito devidamente autorizados e registados para o efeito junto do Banco de Portugal devem cumprir as regras previstas no regime jur\u00eddico aprovado pelo Decreto-Lei n.\u00ba 81-C\/2017, de 7 de julho, no Aviso do Banco de Portugal n.\u00ba 6\/2017, e demais preceitos legais e regulamentares.<\/p>\t\t\t\t\t\t<\/div>\n\t\t\t\t<\/div>\n\t\t\t\t\t<\/div>\n\t\t\t\t<\/div>\n\t\t\t\t\t\t\t<\/div>\n\t\t","protected":false},"excerpt":{"rendered":"<p>Intermedi\u00e1rio de cr\u00e9dito vinculado autorizado pelo Banco de Portugal, n\u00ba registo 0005975 Seguro de Responsabilidade Civil Intermedia\u00e7\u00e3o de Cr\u00e9dito (excepto Imobili\u00e1rio): Seguradora Allianz Portugal -Ap\u00f3lice 205854434, v\u00e1lida de 09-07-2021 a 09-07-2022 Seguro de Responsabilidade Civil Intermedia\u00e7\u00e3o de Cr\u00e9dito para Im\u00f3veis de Habita\u00e7\u00e3o: Seguradora Allianz Portugal -Ap\u00f3lice 205854448, v\u00e1lida de 09-07-2021 a 09-07-2022 Servi\u00e7os prestados: Compreende [&hellip;]<\/p>\n","protected":false},"author":1,"featured_media":0,"parent":0,"menu_order":0,"comment_status":"closed","ping_status":"closed","template":"elementor_canvas","meta":{"footnotes":""},"class_list":["post-1077","page","type-page","status-publish","hentry"],"yoast_head":"<!-- This site is optimized with the Yoast SEO plugin v21.9 - https:\/\/yoast.com\/wordpress\/plugins\/seo\/ -->\n<title>Aviso Legal - JP Cr\u00e9dito e Seguros<\/title>\n<meta name=\"description\" content=\"A JP Cr\u00e9dito e Seguros \u00e9 intermedi\u00e1rio de cr\u00e9dito vinculado autorizado pelo Banco de Portugal com o n.\u00ba de registo 0005975\" \/>\n<meta name=\"robots\" content=\"index, follow, max-snippet:-1, max-image-preview:large, max-video-preview:-1\" \/>\n<link rel=\"canonical\" href=\"https:\/\/dev.apollotec.pt\/jpcredito\/aviso-legal\/\" \/>\n<meta property=\"og:locale\" content=\"pt_PT\" \/>\n<meta property=\"og:type\" content=\"article\" \/>\n<meta property=\"og:title\" content=\"Aviso Legal - JP Cr\u00e9dito e Seguros\" \/>\n<meta property=\"og:description\" content=\"A JP Cr\u00e9dito e Seguros \u00e9 intermedi\u00e1rio de cr\u00e9dito vinculado autorizado pelo Banco de Portugal com o n.\u00ba de registo 0005975\" \/>\n<meta property=\"og:url\" content=\"https:\/\/dev.apollotec.pt\/jpcredito\/aviso-legal\/\" \/>\n<meta property=\"og:site_name\" content=\"JP Cr\u00e9dito e Seguros\" \/>\n<meta property=\"article:modified_time\" content=\"2024-01-29T22:38:18+00:00\" \/>\n<meta property=\"og:image\" content=\"https:\/\/dev.apollotec.pt\/jpcredito\/wp-content\/uploads\/2023\/10\/jp-credito-e-seguros-intermediario-de-credito-removebg-preview.png\" \/>\n\t<meta property=\"og:image:width\" content=\"658\" \/>\n\t<meta property=\"og:image:height\" content=\"200\" \/>\n\t<meta property=\"og:image:type\" content=\"image\/png\" \/>\n<meta name=\"twitter:card\" content=\"summary_large_image\" \/>\n<meta name=\"twitter:label1\" content=\"Tempo estimado de leitura\" \/>\n\t<meta name=\"twitter:data1\" content=\"3 minutos\" \/>\n<script type=\"application\/ld+json\" class=\"yoast-schema-graph\">{\"@context\":\"https:\/\/schema.org\",\"@graph\":[{\"@type\":\"WebPage\",\"@id\":\"https:\/\/dev.apollotec.pt\/jpcredito\/aviso-legal\/\",\"url\":\"https:\/\/dev.apollotec.pt\/jpcredito\/aviso-legal\/\",\"name\":\"Aviso Legal - JP Cr\u00e9dito e Seguros\",\"isPartOf\":{\"@id\":\"https:\/\/dev.apollotec.pt\/jpcredito\/#website\"},\"datePublished\":\"2024-01-24T08:55:19+00:00\",\"dateModified\":\"2024-01-29T22:38:18+00:00\",\"description\":\"A JP Cr\u00e9dito e Seguros \u00e9 intermedi\u00e1rio de cr\u00e9dito vinculado autorizado pelo Banco de Portugal com o n.\u00ba de registo 0005975\",\"breadcrumb\":{\"@id\":\"https:\/\/dev.apollotec.pt\/jpcredito\/aviso-legal\/#breadcrumb\"},\"inLanguage\":\"pt-PT\",\"potentialAction\":[{\"@type\":\"ReadAction\",\"target\":[\"https:\/\/dev.apollotec.pt\/jpcredito\/aviso-legal\/\"]}]},{\"@type\":\"BreadcrumbList\",\"@id\":\"https:\/\/dev.apollotec.pt\/jpcredito\/aviso-legal\/#breadcrumb\",\"itemListElement\":[{\"@type\":\"ListItem\",\"position\":1,\"name\":\"Home\",\"item\":\"https:\/\/dev.apollotec.pt\/jpcredito\/\"},{\"@type\":\"ListItem\",\"position\":2,\"name\":\"Aviso Legal\"}]},{\"@type\":\"WebSite\",\"@id\":\"https:\/\/dev.apollotec.pt\/jpcredito\/#website\",\"url\":\"https:\/\/dev.apollotec.pt\/jpcredito\/\",\"name\":\"JP Cr\u00e9dito e Seguros\",\"description\":\"\",\"publisher\":{\"@id\":\"https:\/\/dev.apollotec.pt\/jpcredito\/#organization\"},\"potentialAction\":[{\"@type\":\"SearchAction\",\"target\":{\"@type\":\"EntryPoint\",\"urlTemplate\":\"https:\/\/dev.apollotec.pt\/jpcredito\/?s={search_term_string}\"},\"query-input\":\"required name=search_term_string\"}],\"inLanguage\":\"pt-PT\"},{\"@type\":\"Organization\",\"@id\":\"https:\/\/dev.apollotec.pt\/jpcredito\/#organization\",\"name\":\"JP Cr\u00e9dito e Seguros\",\"url\":\"https:\/\/dev.apollotec.pt\/jpcredito\/\",\"logo\":{\"@type\":\"ImageObject\",\"inLanguage\":\"pt-PT\",\"@id\":\"https:\/\/dev.apollotec.pt\/jpcredito\/#\/schema\/logo\/image\/\",\"url\":\"https:\/\/dev.apollotec.pt\/jpcredito\/wp-content\/uploads\/2023\/10\/cropped-jp-credito-e-seguros-intermediario-de-credito-removebg-preview.png\",\"contentUrl\":\"https:\/\/dev.apollotec.pt\/jpcredito\/wp-content\/uploads\/2023\/10\/cropped-jp-credito-e-seguros-intermediario-de-credito-removebg-preview.png\",\"width\":512,\"height\":512,\"caption\":\"JP Cr\u00e9dito e Seguros\"},\"image\":{\"@id\":\"https:\/\/dev.apollotec.pt\/jpcredito\/#\/schema\/logo\/image\/\"}}]}<\/script>\n<!-- \/ Yoast SEO plugin. -->","yoast_head_json":{"title":"Aviso Legal - JP Cr\u00e9dito e Seguros","description":"A JP Cr\u00e9dito e Seguros \u00e9 intermedi\u00e1rio de cr\u00e9dito vinculado autorizado pelo Banco de Portugal com o n.\u00ba de registo 0005975","robots":{"index":"index","follow":"follow","max-snippet":"max-snippet:-1","max-image-preview":"max-image-preview:large","max-video-preview":"max-video-preview:-1"},"canonical":"https:\/\/dev.apollotec.pt\/jpcredito\/aviso-legal\/","og_locale":"pt_PT","og_type":"article","og_title":"Aviso Legal - JP Cr\u00e9dito e Seguros","og_description":"A JP Cr\u00e9dito e Seguros \u00e9 intermedi\u00e1rio de cr\u00e9dito vinculado autorizado pelo Banco de Portugal com o n.\u00ba de registo 0005975","og_url":"https:\/\/dev.apollotec.pt\/jpcredito\/aviso-legal\/","og_site_name":"JP Cr\u00e9dito e Seguros","article_modified_time":"2024-01-29T22:38:18+00:00","og_image":[{"width":658,"height":200,"url":"https:\/\/dev.apollotec.pt\/jpcredito\/wp-content\/uploads\/2023\/10\/jp-credito-e-seguros-intermediario-de-credito-removebg-preview.png","type":"image\/png"}],"twitter_card":"summary_large_image","twitter_misc":{"Tempo estimado de leitura":"3 minutos"},"schema":{"@context":"https:\/\/schema.org","@graph":[{"@type":"WebPage","@id":"https:\/\/dev.apollotec.pt\/jpcredito\/aviso-legal\/","url":"https:\/\/dev.apollotec.pt\/jpcredito\/aviso-legal\/","name":"Aviso Legal - JP Cr\u00e9dito e Seguros","isPartOf":{"@id":"https:\/\/dev.apollotec.pt\/jpcredito\/#website"},"datePublished":"2024-01-24T08:55:19+00:00","dateModified":"2024-01-29T22:38:18+00:00","description":"A JP Cr\u00e9dito e Seguros \u00e9 intermedi\u00e1rio de cr\u00e9dito vinculado autorizado pelo Banco de Portugal com o n.\u00ba de registo 0005975","breadcrumb":{"@id":"https:\/\/dev.apollotec.pt\/jpcredito\/aviso-legal\/#breadcrumb"},"inLanguage":"pt-PT","potentialAction":[{"@type":"ReadAction","target":["https:\/\/dev.apollotec.pt\/jpcredito\/aviso-legal\/"]}]},{"@type":"BreadcrumbList","@id":"https:\/\/dev.apollotec.pt\/jpcredito\/aviso-legal\/#breadcrumb","itemListElement":[{"@type":"ListItem","position":1,"name":"Home","item":"https:\/\/dev.apollotec.pt\/jpcredito\/"},{"@type":"ListItem","position":2,"name":"Aviso Legal"}]},{"@type":"WebSite","@id":"https:\/\/dev.apollotec.pt\/jpcredito\/#website","url":"https:\/\/dev.apollotec.pt\/jpcredito\/","name":"JP Cr\u00e9dito e Seguros","description":"","publisher":{"@id":"https:\/\/dev.apollotec.pt\/jpcredito\/#organization"},"potentialAction":[{"@type":"SearchAction","target":{"@type":"EntryPoint","urlTemplate":"https:\/\/dev.apollotec.pt\/jpcredito\/?s={search_term_string}"},"query-input":"required name=search_term_string"}],"inLanguage":"pt-PT"},{"@type":"Organization","@id":"https:\/\/dev.apollotec.pt\/jpcredito\/#organization","name":"JP Cr\u00e9dito e Seguros","url":"https:\/\/dev.apollotec.pt\/jpcredito\/","logo":{"@type":"ImageObject","inLanguage":"pt-PT","@id":"https:\/\/dev.apollotec.pt\/jpcredito\/#\/schema\/logo\/image\/","url":"https:\/\/dev.apollotec.pt\/jpcredito\/wp-content\/uploads\/2023\/10\/cropped-jp-credito-e-seguros-intermediario-de-credito-removebg-preview.png","contentUrl":"https:\/\/dev.apollotec.pt\/jpcredito\/wp-content\/uploads\/2023\/10\/cropped-jp-credito-e-seguros-intermediario-de-credito-removebg-preview.png","width":512,"height":512,"caption":"JP Cr\u00e9dito e Seguros"},"image":{"@id":"https:\/\/dev.apollotec.pt\/jpcredito\/#\/schema\/logo\/image\/"}}]}},"_links":{"self":[{"href":"https:\/\/dev.apollotec.pt\/jpcredito\/wp-json\/wp\/v2\/pages\/1077","targetHints":{"allow":["GET"]}}],"collection":[{"href":"https:\/\/dev.apollotec.pt\/jpcredito\/wp-json\/wp\/v2\/pages"}],"about":[{"href":"https:\/\/dev.apollotec.pt\/jpcredito\/wp-json\/wp\/v2\/types\/page"}],"author":[{"embeddable":true,"href":"https:\/\/dev.apollotec.pt\/jpcredito\/wp-json\/wp\/v2\/users\/1"}],"replies":[{"embeddable":true,"href":"https:\/\/dev.apollotec.pt\/jpcredito\/wp-json\/wp\/v2\/comments?post=1077"}],"version-history":[{"count":6,"href":"https:\/\/dev.apollotec.pt\/jpcredito\/wp-json\/wp\/v2\/pages\/1077\/revisions"}],"predecessor-version":[{"id":9474,"href":"https:\/\/dev.apollotec.pt\/jpcredito\/wp-json\/wp\/v2\/pages\/1077\/revisions\/9474"}],"wp:attachment":[{"href":"https:\/\/dev.apollotec.pt\/jpcredito\/wp-json\/wp\/v2\/media?parent=1077"}],"curies":[{"name":"wp","href":"https:\/\/api.w.org\/{rel}","templated":true}]}}